{"id":54,"date":"2021-12-13T04:48:58","date_gmt":"2021-12-13T04:48:58","guid":{"rendered":"https:\/\/www.univa.mx\/online2\/?page_id=54"},"modified":"2023-03-06T22:34:54","modified_gmt":"2023-03-06T22:34:54","slug":"faqs","status":"publish","type":"page","link":"https:\/\/www.univa.mx\/online\/faqs\/","title":{"rendered":"Faq&#8217;s"},"content":{"rendered":"[vc_row type=\u00bbfull_width_background\u00bb full_screen_row_position=\u00bbmiddle\u00bb column_margin=\u00bbdefault\u00bb column_direction=\u00bbdefault\u00bb column_direction_tablet=\u00bbdefault\u00bb column_direction_phone=\u00bbdefault\u00bb bg_image=\u00bb150&#8243; bg_position=\u00bbleft top\u00bb background_image_loading=\u00bbdefault\u00bb bg_repeat=\u00bbno-repeat\u00bb scene_position=\u00bbcenter\u00bb text_color=\u00bblight\u00bb text_align=\u00bbleft\u00bb row_border_radius=\u00bbnone\u00bb row_border_radius_applies=\u00bbbg\u00bb class=\u00bbbanner-univa\u00bb overlay_strength=\u00bb0.3&#8243; gradient_direction=\u00bbleft_to_right\u00bb shape_divider_position=\u00bbbottom\u00bb bg_image_animation=\u00bbnone\u00bb shape_type=\u00bb\u00bb][vc_column column_padding=\u00bbno-extra-padding\u00bb column_padding_tablet=\u00bbinherit\u00bb column_padding_phone=\u00bbinherit\u00bb column_padding_position=\u00bball\u00bb column_element_spacing=\u00bbdefault\u00bb background_color_opacity=\u00bb1&#8243; background_hover_color_opacity=\u00bb1&#8243; column_shadow=\u00bbnone\u00bb column_border_radius=\u00bbnone\u00bb column_link_target=\u00bb_self\u00bb gradient_direction=\u00bbleft_to_right\u00bb overlay_strength=\u00bb0.3&#8243; width=\u00bb1\/1&#8243; tablet_width_inherit=\u00bbdefault\u00bb tablet_text_alignment=\u00bbdefault\u00bb phone_text_alignment=\u00bbdefault\u00bb bg_image_animation=\u00bbnone\u00bb border_type=\u00bbsimple\u00bb column_border_width=\u00bbnone\u00bb column_border_style=\u00bbsolid\u00bb][vc_column_text]\n<h1 style=\"text-align: center;\">FAQ&#8217;s<\/h1>\n[\/vc_column_text][\/vc_column][\/vc_row][vc_row type=\u00bbfull_width_background\u00bb full_screen_row_position=\u00bbmiddle\u00bb column_margin=\u00bbdefault\u00bb column_direction=\u00bbdefault\u00bb column_direction_tablet=\u00bbdefault\u00bb column_direction_phone=\u00bbdefault\u00bb scene_position=\u00bbcenter\u00bb text_color=\u00bbdark\u00bb text_align=\u00bbleft\u00bb row_border_radius=\u00bbnone\u00bb row_border_radius_applies=\u00bbbg\u00bb class=\u00bbinterior-faqs faqs\u00bb overlay_strength=\u00bb0.3&#8243; gradient_direction=\u00bbleft_to_right\u00bb shape_divider_position=\u00bbbottom\u00bb bg_image_animation=\u00bbnone\u00bb shape_type=\u00bb\u00bb][vc_column column_padding=\u00bbno-extra-padding\u00bb column_padding_tablet=\u00bbinherit\u00bb column_padding_phone=\u00bbinherit\u00bb column_padding_position=\u00bball\u00bb column_element_spacing=\u00bbdefault\u00bb background_color_opacity=\u00bb1&#8243; background_hover_color_opacity=\u00bb1&#8243; column_shadow=\u00bbnone\u00bb column_border_radius=\u00bbnone\u00bb column_link_target=\u00bb_self\u00bb gradient_direction=\u00bbleft_to_right\u00bb overlay_strength=\u00bb0.3&#8243; width=\u00bb1\/1&#8243; tablet_width_inherit=\u00bbdefault\u00bb tablet_text_alignment=\u00bbdefault\u00bb phone_text_alignment=\u00bbdefault\u00bb bg_image_animation=\u00bbnone\u00bb border_type=\u00bbsimple\u00bb column_border_width=\u00bbnone\u00bb column_border_style=\u00bbsolid\u00bb][toggles style=\u00bbminimal\u00bb][toggle color=\u00bbDefault\u00bb title=\u00bb\u00bfCu\u00e1nto dura la licenciatura?\u00bb][vc_column_text]Las licenciaturas est\u00e1n dise\u00f1adas para cursarse en tres a\u00f1os un cuatrimestre, pero el alumno es el autogestor de su propio conocimiento, puede acelerar o disminuir su ritmo de estudio seg\u00fan sus posibilidades econ\u00f3micas y de estudio,\u00a0<strong><u>siendo el m\u00ednimo 2 a\u00f1os un cuatrimestre<\/u><\/strong>\u00a0y m\u00e1ximo de tiempo permitido seis a\u00f1os.[\/vc_column_text][\/toggle][toggle color=\u00bbDefault\u00bb title=\u00bb\u00bfExiste alguna diferencia entre un t\u00edtulo de licenciatura en la modalidad no escolarizada de la presencial?\u00bb][vc_column_text]Ninguna. El t\u00edtulo que se obtiene de una licenciatura y\/o posgrado de la UNIVA no especifica la modalidad a trav\u00e9s de la cual se curs\u00f3 el programa. Todos los programas cuentan con Registro de Validez Oficial (RVOE) por parte de la Secretar\u00eda de Educaci\u00f3n P\u00fablica.[\/vc_column_text][\/toggle][toggle color=\u00bbDefault\u00bb title=\u00bb\u00bfEs necesario ir a la Universidad?\u00bb][vc_column_text]No. Tus estudios y tr\u00e1mites acad\u00e9mico-administrativos se pueden hacer totalmente en l\u00ednea[\/vc_column_text][\/toggle][toggle color=\u00bbDefault\u00bb title=\u00bb\u00bfQu\u00e9 se requieren para estudiar en l\u00ednea?\u00bb][vc_column_text]Los m\u00f3dulos de los diferentes programas de UNIVA online se operan mediante la plataforma Institucional que permite la gesti\u00f3n de contenidos y ense\u00f1anza a trav\u00e9s del Internet. Se requiere un dispositivo electr\u00f3nico, contar con conexi\u00f3n a internet, Adobe Reader y Microsoft Office.[\/vc_column_text][\/toggle][toggle color=\u00bbDefault\u00bb title=\u00bb\u00bfDebo de estar conectado en alg\u00fan horario espec\u00edfico?\u00bb][vc_column_text]El modelo es asincr\u00f3nico. Los m\u00f3dulos est\u00e1n programados para realizar actividades de aprendizaje de forma semanal, por lo que el alumno podr\u00e1 realizarlas en el momento que desee las 24 horas del d\u00eda todos los d\u00edas. Las actividades de interacci\u00f3n de con los asesores y compa\u00f1eros de estudio son a destiempo, de manera opcional y en caso de requerirlo se pueden programar sesiones virtuales sincr\u00f3nicas grupales.[\/vc_column_text][\/toggle][toggle color=\u00bbDefault\u00bb title=\u00bb\u00bfCu\u00e1nto tiempo de estudio hay que dedicarle a cada m\u00f3dulo?\u00bb][vc_column_text]El estudio a distancia evita el trasladarte al campus, pero necesitar\u00e1s invertirle como m\u00ednimo de dos a tres horas diarias de estudio para un cumplimiento en tiempo y forma las diferentes actividades de aprendizaje.[\/vc_column_text][\/toggle][toggle color=\u00bbDefault\u00bb title=\u00bb\u00bfCu\u00e1les son los principales medios para estar en contacto con el asesor y mis compa\u00f1eros?\u00bb][vc_column_text]El espacio privilegiado es la plataforma Institucional que cuenta con chat, foro de discusi\u00f3n, mensajes y aulas virtuales. Todos los miembros de la comunidad UNIVA tienen acceso a una cuenta institucional de Microsoft Office 365, con la cual tendr\u00e1s acceso a todas sus aplicaciones para establecer espacios de comunicaci\u00f3n.[\/vc_column_text][\/toggle][toggle color=\u00bbDefault\u00bb title=\u00bb\u00bfSe pueden revalidar materias de otras licenciaturas?\u00bb][vc_column_text]S\u00ed, se cuenta con la posibilidad de revalidaci\u00f3n de materias entre grados equivalentes\u00a0<strong><u>de programas que cuenten con Reconocimiento de Validez Oficial de Estudios (RVOE).<\/u><\/strong>\u00a0El coordinador acad\u00e9mico del programa al que desees ingresar te dar\u00e1\u00a0<strong><u>una propuesta<\/u><\/strong>\u00a0sobre cuantas materias se te pueden tomar y con qu\u00e9 caracter\u00edsticas, seg\u00fan especifica el Reglamento General de Alumnos del Sistema UNIVA.[\/vc_column_text][\/toggle][toggle color=\u00bbDefault\u00bb title=\u00bb\u00bfCuento con los mismos derechos que los estudiantes de las otras modalidades?\u00bb][vc_column_text]Efectivamente, al iniciar tus estudios se te proporcionar\u00e1 una credencial de estudiante por lo que podr\u00e1s visitar cualquiera de los campus que conforman el Sistema UNIVA y tener acceso a los mismos servicios que los dem\u00e1s alumnos. En la plataforma se te informar\u00e1 de los diferentes eventos que realiza la instituci\u00f3n como son Congresos, Conferencias, Talleres, etc. para que puedas participar de ellos, si es de tu inter\u00e9s, de manera virtual y\/o presencial.[\/vc_column_text][\/toggle][toggle color=\u00bbDefault\u00bb title=\u00bb\u00bfPuedo realizar intercambios internacionales?\u00bb][vc_column_text]La UNIVA cuenta con diversos programas de internacionalizaci\u00f3n que buscan desarrollar durante tu trayecto de estudio competencias globales, tiene convenio con m\u00e1s de 300 Universidades a nivel nacional e internacional, podr\u00e1s contar con maestros internacionales, realizar intercambios virtuales y\/o presenciales.[\/vc_column_text][\/toggle][toggle color=\u00bbDefault\u00bb title=\u00bb\u00bfDebo realizar pr\u00e1cticas profesionales y servicio social?\u00bb][vc_column_text]Los diferentes programas de la modalidad no escolarizada no se necesitan pr\u00e1cticas profesionales ya que sus actividades de aprendizaje est\u00e1n estrechamente vinculadas al mundo laboral, pero s\u00ed tendr\u00e1s y podr\u00e1s realizar el Servicio Social desde tu localidad.[\/vc_column_text][\/toggle][toggle color=\u00bbDefault\u00bb title=\u00bb\u00bfCu\u00e1les son las opciones de titulaci\u00f3n?\u00bb][vc_column_text]Las mismas que se ofrecen en las otras modalidades que aplique en tu programa de estudio: Titulaci\u00f3n autom\u00e1tica por alto desempe\u00f1o acad\u00e9mico; Tesis profesional; Examen General de Conocimientos; Informe de Experiencia Profesional; Informe de Servicio Social; Estudios de Posgrado; Examen General de Conocimiento v\u00eda CENEVAL e Informe de experiencia como asistente de Investigaci\u00f3n Institucional[\/vc_column_text][\/toggle][toggle color=\u00bbDefault\u00bb title=\u00bb\u00bfCu\u00e1nto se tardan en entregar el t\u00edtulo?\u00bb][vc_column_text]Una vez realizada tu modalidad de titulaci\u00f3n, el tiempo estipulado es de 3 a 6 meses. Durante la contingencia sanitaria, los tiempos ha sido mayor por situaciones conocidas por todos.[\/vc_column_text][\/toggle][\/toggles][\/vc_column][\/vc_row][vc_row type=\u00bbfull_width_background\u00bb full_screen_row_position=\u00bbmiddle\u00bb column_margin=\u00bbdefault\u00bb column_direction=\u00bbdefault\u00bb column_direction_tablet=\u00bbdefault\u00bb column_direction_phone=\u00bbdefault\u00bb bg_image=\u00bb22&#8243; bg_position=\u00bbleft top\u00bb background_image_loading=\u00bbdefault\u00bb bg_repeat=\u00bbno-repeat\u00bb scene_position=\u00bbcenter\u00bb text_color=\u00bbdark\u00bb text_align=\u00bbleft\u00bb row_border_radius=\u00bbnone\u00bb row_border_radius_applies=\u00bbbg\u00bb class=\u00bbcontacto-home\u00bb overlay_strength=\u00bb0.3&#8243; gradient_direction=\u00bbleft_to_right\u00bb shape_divider_position=\u00bbbottom\u00bb bg_image_animation=\u00bbnone\u00bb shape_type=\u00bb\u00bb][vc_column column_padding=\u00bbno-extra-padding\u00bb column_padding_tablet=\u00bbinherit\u00bb column_padding_phone=\u00bbinherit\u00bb column_padding_position=\u00bball\u00bb column_element_spacing=\u00bbdefault\u00bb background_color_opacity=\u00bb1&#8243; background_hover_color_opacity=\u00bb1&#8243; column_shadow=\u00bbnone\u00bb column_border_radius=\u00bbnone\u00bb column_link_target=\u00bb_self\u00bb gradient_direction=\u00bbleft_to_right\u00bb overlay_strength=\u00bb0.3&#8243; width=\u00bb1\/1&#8243; tablet_width_inherit=\u00bbdefault\u00bb tablet_text_alignment=\u00bbdefault\u00bb phone_text_alignment=\u00bbdefault\u00bb bg_image_animation=\u00bbnone\u00bb border_type=\u00bbsimple\u00bb column_border_width=\u00bbnone\u00bb column_border_style=\u00bbsolid\u00bb][vc_column_text]\n<h3>\u00bfA\u00fan tienes dudas? <strong>Cont\u00e1ctanos<\/strong><\/h3>\n[\/vc_column_text]\n<div class=\"wpcf7 no-js\" id=\"wpcf7-f66-o1\" lang=\"es-ES\" dir=\"ltr\" data-wpcf7-id=\"66\">\n<div class=\"screen-reader-response\"><p role=\"status\" aria-live=\"polite\" aria-atomic=\"true\"><\/p> <ul><\/ul><\/div>\n<form action=\"\/online\/wp-json\/wp\/v2\/pages\/54#wpcf7-f66-o1\" method=\"post\" class=\"wpcf7-form init\" aria-label=\"Formulario de contacto\" novalidate=\"novalidate\" data-status=\"init\">\n<fieldset class=\"hidden-fields-container\"><input type=\"hidden\" name=\"_wpcf7\" value=\"66\" \/><input type=\"hidden\" name=\"_wpcf7_version\" value=\"6.1\" \/><input type=\"hidden\" name=\"_wpcf7_locale\" value=\"es_ES\" \/><input type=\"hidden\" name=\"_wpcf7_unit_tag\" value=\"wpcf7-f66-o1\" \/><input type=\"hidden\" name=\"_wpcf7_container_post\" value=\"0\" \/><input type=\"hidden\" name=\"_wpcf7_posted_data_hash\" value=\"\" \/>\n<\/fieldset>\n<div class=\"col-sm-4\">\n\t<p><label>Nombre*<\/label>\n\t<\/p>\n<\/div>\n<div class=\"col-sm-8\">\n\t<p><span class=\"wpcf7-form-control-wrap\" data-name=\"text-965\"><input size=\"40\" maxlength=\"400\" class=\"wpcf7-form-control wpcf7-text wpcf7-validates-as-required\" aria-required=\"true\" aria-invalid=\"false\" placeholder=\"Nombre\" value=\"\" type=\"text\" name=\"text-965\" \/><\/span>\n\t<\/p>\n<\/div>\n<div class=\"clearfix\">\n<\/div>\n<div class=\"col-sm-4\">\n\t<p><label>Apellido*<\/label>\n\t<\/p>\n<\/div>\n<div class=\"col-sm-8\">\n\t<p><span class=\"wpcf7-form-control-wrap\" data-name=\"text-9654\"><input size=\"40\" maxlength=\"400\" class=\"wpcf7-form-control wpcf7-text wpcf7-validates-as-required\" aria-required=\"true\" aria-invalid=\"false\" placeholder=\"Apellido\" value=\"\" type=\"text\" name=\"text-9654\" \/><\/span>\n\t<\/p>\n<\/div>\n<div class=\"clearfix\">\n<\/div>\n<div class=\"col-sm-4\">\n\t<p><label>E-mail*<\/label>\n\t<\/p>\n<\/div>\n<div class=\"col-sm-8\">\n\t<p><span class=\"wpcf7-form-control-wrap\" data-name=\"email-27\"><input size=\"40\" maxlength=\"400\" class=\"wpcf7-form-control wpcf7-email wpcf7-validates-as-required wpcf7-text wpcf7-validates-as-email\" aria-required=\"true\" aria-invalid=\"false\" placeholder=\"Email\" value=\"\" type=\"email\" name=\"email-27\" \/><\/span>\n\t<\/p>\n<\/div>\n<div class=\"clearfix\">\n<\/div>\n<div class=\"col-sm-4\">\n\t<p><label>Tel\u00e9fono*<\/label>\n\t<\/p>\n<\/div>\n<div class=\"col-sm-8\">\n\t<p><span class=\"wpcf7-form-control-wrap\" data-name=\"telefono\"><input size=\"40\" maxlength=\"400\" class=\"wpcf7-form-control wpcf7-tel wpcf7-validates-as-required wpcf7-text wpcf7-validates-as-tel\" aria-required=\"true\" aria-invalid=\"false\" placeholder=\"Tel\" value=\"\" type=\"tel\" name=\"telefono\" \/><\/span>\n\t<\/p>\n<\/div>\n<div class=\"clearfix\">\n<\/div>\n<div class=\"col-sm-4\">\n\t<p><label>Programa de inter\u00e9s*<\/label>\n\t<\/p>\n<\/div>\n<div class=\"col-sm-8\">\n\t<p><span class=\"wpcf7-form-control-wrap\" data-name=\"menu-12\"><select class=\"wpcf7-form-control wpcf7-select\" aria-invalid=\"false\" name=\"menu-12\"><option value=\"Licenciatura en Administraci\u00f3n\u202f de \u202fNegocios\">Licenciatura en Administraci\u00f3n\u202f de \u202fNegocios<\/option><option value=\"Licenciatura en Mercadotecnia Empresarial\">Licenciatura en Mercadotecnia Empresarial<\/option><option value=\"Licenciatura en Negocios Internacionales\">Licenciatura en Negocios Internacionales<\/option><option value=\"Licenciatura en Educaci\u00f3n\">Licenciatura en Educaci\u00f3n<\/option><option value=\"Licenciatura en Filosof\u00eda\">Licenciatura en Filosof\u00eda<\/option><option value=\"Licenciatura en la Ense\u00f1anza y Gesti\u00f3n de Ingl\u00e9s\">Licenciatura en la Ense\u00f1anza y Gesti\u00f3n de Ingl\u00e9s<\/option><option value=\"Licenciatura en Teolog\u00eda\">Licenciatura en Teolog\u00eda<\/option><option value=\"Licenciatura en Derecho\">Licenciatura en Derecho<\/option><option value=\"Licenciatura en Contadur\u00eda Fiscal y Financiera\">Licenciatura en Contadur\u00eda Fiscal y Financiera<\/option><option value=\"Doctorado Online en Ciencias del Desarrollo Humano\">Doctorado Online en Ciencias del Desarrollo Humano<\/option><option value=\"Maestr\u00eda en Inteligencia de Negocios y Anal\u00edtica de Datos\">Maestr\u00eda en Inteligencia de Negocios y Anal\u00edtica de Datos<\/option><option value=\"Maestr\u00eda en Finanzas\">Maestr\u00eda en Finanzas<\/option><option value=\"Maestr\u00eda en Educaci\u00f3n Especial\">Maestr\u00eda en Educaci\u00f3n Especial<\/option><option value=\"Maestr\u00eda en Desarrollo y Gesti\u00f3n de Marca\">Maestr\u00eda en Desarrollo y Gesti\u00f3n de Marca<\/option><option value=\"Maestr\u00eda en Educaci\u00f3n\">Maestr\u00eda en Educaci\u00f3n<\/option><option value=\"Maestr\u00eda en Desarrollo Organizacional y Humano\">Maestr\u00eda en Desarrollo Organizacional y Humano<\/option><option value=\"Maestr\u00eda en Ambientes Virtuales de Aprendizaje\">Maestr\u00eda en Ambientes Virtuales de Aprendizaje<\/option><option value=\"Maestr\u00eda en Filosof\u00eda Contempor\u00e1nea\">Maestr\u00eda en Filosof\u00eda Contempor\u00e1nea<\/option><option value=\"Maestr\u00eda en Administraci\u00f3n\">Maestr\u00eda en Administraci\u00f3n<\/option><\/select><\/span>\n\t<\/p>\n<\/div>\n<div class=\"clearfix\">\n<\/div>\n<div class=\"col-sm-4 mesnaje1\">\n\t<p><label>Mensaje<\/label>\n\t<\/p>\n<\/div>\n<div class=\"clearfix\">\n<\/div>\n<div class=\"col-sm-8 mesnaje\">\n\t<p><span class=\"wpcf7-form-control-wrap\" data-name=\"mensaje\"><textarea cols=\"40\" rows=\"10\" maxlength=\"2000\" class=\"wpcf7-form-control wpcf7-textarea\" aria-invalid=\"false\" name=\"mensaje\"><\/textarea><\/span>\n\t<\/p>\n<\/div>\n<div class=\"clearfix\">\n<\/div>\n<p><input class=\"wpcf7-form-control wpcf7-submit has-spinner\" type=\"submit\" value=\"Enviar\" \/>\n<\/p><p style=\"display: none !important;\" class=\"akismet-fields-container\" data-prefix=\"_wpcf7_ak_\"><label>&#916;<textarea name=\"_wpcf7_ak_hp_textarea\" cols=\"45\" rows=\"8\" maxlength=\"100\"><\/textarea><\/label><input type=\"hidden\" id=\"ak_js_1\" name=\"_wpcf7_ak_js\" value=\"169\"\/><script>document.getElementById( \"ak_js_1\" ).setAttribute( \"value\", ( new Date() ).getTime() );<\/script><\/p><div class=\"wpcf7-response-output\" aria-hidden=\"true\"><\/div>\n<\/form>\n<\/div>\n[\/vc_column][\/vc_row]\n","protected":false},"excerpt":{"rendered":"<p>[vc_row type=\u00bbfull_width_background\u00bb full_screen_row_position=\u00bbmiddle\u00bb column_margin=\u00bbdefault\u00bb column_direction=\u00bbdefault\u00bb column_direction_tablet=\u00bbdefault\u00bb column_direction_phone=\u00bbdefault\u00bb bg_image=\u00bb150&#8243; bg_position=\u00bbleft top\u00bb background_image_loading=\u00bbdefault\u00bb bg_repeat=\u00bbno-repeat\u00bb scene_position=\u00bbcenter\u00bb text_color=\u00bblight\u00bb text_align=\u00bbleft\u00bb row_border_radius=\u00bbnone\u00bb row_border_radius_applies=\u00bbbg\u00bb class=\u00bbbanner-univa\u00bb overlay_strength=\u00bb0.3&#8243; gradient_direction=\u00bbleft_to_right\u00bb&#8230;<\/p>\n","protected":false},"author":1,"featured_media":0,"parent":0,"menu_order":0,"comment_status":"closed","ping_status":"closed","template":"","meta":{"footnotes":""},"class_list":["post-54","page","type-page","status-publish"],"yoast_head":"<!-- This site is optimized with the Yoast SEO plugin v25.4 - https:\/\/yoast.com\/wordpress\/plugins\/seo\/ -->\n<title>Faq&#039;s - Univa<\/title>\n<meta name=\"robots\" content=\"index, follow, max-snippet:-1, max-image-preview:large, max-video-preview:-1\" \/>\n<link rel=\"canonical\" href=\"https:\/\/www.univa.mx\/online\/faqs\/\" \/>\n<meta property=\"og:locale\" content=\"es_ES\" \/>\n<meta property=\"og:type\" content=\"article\" \/>\n<meta property=\"og:title\" content=\"Faq&#039;s - Univa\" \/>\n<meta property=\"og:description\" content=\"[vc_row type=\u00bbfull_width_background\u00bb full_screen_row_position=\u00bbmiddle\u00bb column_margin=\u00bbdefault\u00bb column_direction=\u00bbdefault\u00bb column_direction_tablet=\u00bbdefault\u00bb column_direction_phone=\u00bbdefault\u00bb bg_image=\u00bb150&#8243; bg_position=\u00bbleft top\u00bb background_image_loading=\u00bbdefault\u00bb bg_repeat=\u00bbno-repeat\u00bb scene_position=\u00bbcenter\u00bb text_color=\u00bblight\u00bb text_align=\u00bbleft\u00bb row_border_radius=\u00bbnone\u00bb row_border_radius_applies=\u00bbbg\u00bb class=\u00bbbanner-univa\u00bb overlay_strength=\u00bb0.3&#8243; gradient_direction=\u00bbleft_to_right\u00bb...\" \/>\n<meta property=\"og:url\" content=\"https:\/\/www.univa.mx\/online\/faqs\/\" \/>\n<meta property=\"og:site_name\" content=\"Univa\" \/>\n<meta property=\"article:modified_time\" content=\"2023-03-06T22:34:54+00:00\" \/>\n<meta name=\"twitter:card\" content=\"summary_large_image\" \/>\n<meta name=\"twitter:label1\" content=\"Tiempo de lectura\" \/>\n\t<meta name=\"twitter:data1\" content=\"4 minutos\" \/>\n<script type=\"application\/ld+json\" class=\"yoast-schema-graph\">{\"@context\":\"https:\/\/schema.org\",\"@graph\":[{\"@type\":\"WebPage\",\"@id\":\"https:\/\/www.univa.mx\/online\/faqs\/\",\"url\":\"https:\/\/www.univa.mx\/online\/faqs\/\",\"name\":\"Faq's - Univa\",\"isPartOf\":{\"@id\":\"https:\/\/www.univa.mx\/online\/#website\"},\"datePublished\":\"2021-12-13T04:48:58+00:00\",\"dateModified\":\"2023-03-06T22:34:54+00:00\",\"breadcrumb\":{\"@id\":\"https:\/\/www.univa.mx\/online\/faqs\/#breadcrumb\"},\"inLanguage\":\"es\",\"potentialAction\":[{\"@type\":\"ReadAction\",\"target\":[\"https:\/\/www.univa.mx\/online\/faqs\/\"]}]},{\"@type\":\"BreadcrumbList\",\"@id\":\"https:\/\/www.univa.mx\/online\/faqs\/#breadcrumb\",\"itemListElement\":[{\"@type\":\"ListItem\",\"position\":1,\"name\":\"Portada\",\"item\":\"https:\/\/www.univa.mx\/online\/\"},{\"@type\":\"ListItem\",\"position\":2,\"name\":\"Faq&#8217;s\"}]},{\"@type\":\"WebSite\",\"@id\":\"https:\/\/www.univa.mx\/online\/#website\",\"url\":\"https:\/\/www.univa.mx\/online\/\",\"name\":\"Univa\",\"description\":\"Estudia en Univa Online\",\"publisher\":{\"@id\":\"https:\/\/www.univa.mx\/online\/#organization\"},\"potentialAction\":[{\"@type\":\"SearchAction\",\"target\":{\"@type\":\"EntryPoint\",\"urlTemplate\":\"https:\/\/www.univa.mx\/online\/?s={search_term_string}\"},\"query-input\":{\"@type\":\"PropertyValueSpecification\",\"valueRequired\":true,\"valueName\":\"search_term_string\"}}],\"inLanguage\":\"es\"},{\"@type\":\"Organization\",\"@id\":\"https:\/\/www.univa.mx\/online\/#organization\",\"name\":\"Univa Online\",\"url\":\"https:\/\/www.univa.mx\/online\/\",\"logo\":{\"@type\":\"ImageObject\",\"inLanguage\":\"es\",\"@id\":\"https:\/\/www.univa.mx\/online\/#\/schema\/logo\/image\/\",\"url\":\"https:\/\/www.univa.mx\/online\/wp-content\/uploads\/2021\/12\/top_logo_univa.png\",\"contentUrl\":\"https:\/\/www.univa.mx\/online\/wp-content\/uploads\/2021\/12\/top_logo_univa.png\",\"width\":295,\"height\":65,\"caption\":\"Univa Online\"},\"image\":{\"@id\":\"https:\/\/www.univa.mx\/online\/#\/schema\/logo\/image\/\"}}]}<\/script>\n<!-- \/ Yoast SEO plugin. -->","yoast_head_json":{"title":"Faq's - Univa","robots":{"index":"index","follow":"follow","max-snippet":"max-snippet:-1","max-image-preview":"max-image-preview:large","max-video-preview":"max-video-preview:-1"},"canonical":"https:\/\/www.univa.mx\/online\/faqs\/","og_locale":"es_ES","og_type":"article","og_title":"Faq's - Univa","og_description":"[vc_row type=\u00bbfull_width_background\u00bb full_screen_row_position=\u00bbmiddle\u00bb column_margin=\u00bbdefault\u00bb column_direction=\u00bbdefault\u00bb column_direction_tablet=\u00bbdefault\u00bb column_direction_phone=\u00bbdefault\u00bb bg_image=\u00bb150&#8243; bg_position=\u00bbleft top\u00bb background_image_loading=\u00bbdefault\u00bb bg_repeat=\u00bbno-repeat\u00bb scene_position=\u00bbcenter\u00bb text_color=\u00bblight\u00bb text_align=\u00bbleft\u00bb row_border_radius=\u00bbnone\u00bb row_border_radius_applies=\u00bbbg\u00bb class=\u00bbbanner-univa\u00bb overlay_strength=\u00bb0.3&#8243; gradient_direction=\u00bbleft_to_right\u00bb...","og_url":"https:\/\/www.univa.mx\/online\/faqs\/","og_site_name":"Univa","article_modified_time":"2023-03-06T22:34:54+00:00","twitter_card":"summary_large_image","twitter_misc":{"Tiempo de lectura":"4 minutos"},"schema":{"@context":"https:\/\/schema.org","@graph":[{"@type":"WebPage","@id":"https:\/\/www.univa.mx\/online\/faqs\/","url":"https:\/\/www.univa.mx\/online\/faqs\/","name":"Faq's - Univa","isPartOf":{"@id":"https:\/\/www.univa.mx\/online\/#website"},"datePublished":"2021-12-13T04:48:58+00:00","dateModified":"2023-03-06T22:34:54+00:00","breadcrumb":{"@id":"https:\/\/www.univa.mx\/online\/faqs\/#breadcrumb"},"inLanguage":"es","potentialAction":[{"@type":"ReadAction","target":["https:\/\/www.univa.mx\/online\/faqs\/"]}]},{"@type":"BreadcrumbList","@id":"https:\/\/www.univa.mx\/online\/faqs\/#breadcrumb","itemListElement":[{"@type":"ListItem","position":1,"name":"Portada","item":"https:\/\/www.univa.mx\/online\/"},{"@type":"ListItem","position":2,"name":"Faq&#8217;s"}]},{"@type":"WebSite","@id":"https:\/\/www.univa.mx\/online\/#website","url":"https:\/\/www.univa.mx\/online\/","name":"Univa","description":"Estudia en Univa Online","publisher":{"@id":"https:\/\/www.univa.mx\/online\/#organization"},"potentialAction":[{"@type":"SearchAction","target":{"@type":"EntryPoint","urlTemplate":"https:\/\/www.univa.mx\/online\/?s={search_term_string}"},"query-input":{"@type":"PropertyValueSpecification","valueRequired":true,"valueName":"search_term_string"}}],"inLanguage":"es"},{"@type":"Organization","@id":"https:\/\/www.univa.mx\/online\/#organization","name":"Univa Online","url":"https:\/\/www.univa.mx\/online\/","logo":{"@type":"ImageObject","inLanguage":"es","@id":"https:\/\/www.univa.mx\/online\/#\/schema\/logo\/image\/","url":"https:\/\/www.univa.mx\/online\/wp-content\/uploads\/2021\/12\/top_logo_univa.png","contentUrl":"https:\/\/www.univa.mx\/online\/wp-content\/uploads\/2021\/12\/top_logo_univa.png","width":295,"height":65,"caption":"Univa Online"},"image":{"@id":"https:\/\/www.univa.mx\/online\/#\/schema\/logo\/image\/"}}]}},"_links":{"self":[{"href":"https:\/\/www.univa.mx\/online\/wp-json\/wp\/v2\/pages\/54","targetHints":{"allow":["GET"]}}],"collection":[{"href":"https:\/\/www.univa.mx\/online\/wp-json\/wp\/v2\/pages"}],"about":[{"href":"https:\/\/www.univa.mx\/online\/wp-json\/wp\/v2\/types\/page"}],"author":[{"embeddable":true,"href":"https:\/\/www.univa.mx\/online\/wp-json\/wp\/v2\/users\/1"}],"replies":[{"embeddable":true,"href":"https:\/\/www.univa.mx\/online\/wp-json\/wp\/v2\/comments?post=54"}],"version-history":[{"count":11,"href":"https:\/\/www.univa.mx\/online\/wp-json\/wp\/v2\/pages\/54\/revisions"}],"predecessor-version":[{"id":586,"href":"https:\/\/www.univa.mx\/online\/wp-json\/wp\/v2\/pages\/54\/revisions\/586"}],"wp:attachment":[{"href":"https:\/\/www.univa.mx\/online\/wp-json\/wp\/v2\/media?parent=54"}],"curies":[{"name":"wp","href":"https:\/\/api.w.org\/{rel}","templated":true}]}}