{"id":536,"date":"2022-10-26T17:29:03","date_gmt":"2022-10-26T17:29:03","guid":{"rendered":"https:\/\/www.univa.mx\/online\/?page_id=536"},"modified":"2025-06-26T19:58:47","modified_gmt":"2025-06-26T19:58:47","slug":"licenciatura-online-en-negocios-internacionales","status":"publish","type":"page","link":"https:\/\/www.univa.mx\/online\/oferta-academica\/licenciatura-online-en-negocios-internacionales\/","title":{"rendered":"Licenciatura Online en Negocios Internacionales"},"content":{"rendered":"[vc_row type=\u00bbfull_width_background\u00bb full_screen_row_position=\u00bbmiddle\u00bb column_margin=\u00bbdefault\u00bb column_direction=\u00bbdefault\u00bb column_direction_tablet=\u00bbdefault\u00bb column_direction_phone=\u00bbdefault\u00bb bg_image=\u00bb150&#8243; bg_position=\u00bbleft top\u00bb background_image_loading=\u00bbdefault\u00bb bg_repeat=\u00bbno-repeat\u00bb scene_position=\u00bbcenter\u00bb text_color=\u00bblight\u00bb text_align=\u00bbleft\u00bb row_border_radius=\u00bbnone\u00bb row_border_radius_applies=\u00bbbg\u00bb class=\u00bbbanner-univa\u00bb overlay_strength=\u00bb0.3&#8243; gradient_direction=\u00bbleft_to_right\u00bb shape_divider_position=\u00bbbottom\u00bb bg_image_animation=\u00bbnone\u00bb shape_type=\u00bb\u00bb][vc_column column_padding=\u00bbno-extra-padding\u00bb column_padding_tablet=\u00bbinherit\u00bb column_padding_phone=\u00bbinherit\u00bb column_padding_position=\u00bball\u00bb column_element_spacing=\u00bbdefault\u00bb background_color_opacity=\u00bb1&#8243; background_hover_color_opacity=\u00bb1&#8243; column_shadow=\u00bbnone\u00bb column_border_radius=\u00bbnone\u00bb column_link_target=\u00bb_self\u00bb gradient_direction=\u00bbleft_to_right\u00bb overlay_strength=\u00bb0.3&#8243; width=\u00bb1\/1&#8243; tablet_width_inherit=\u00bbdefault\u00bb tablet_text_alignment=\u00bbdefault\u00bb phone_text_alignment=\u00bbdefault\u00bb bg_image_animation=\u00bbnone\u00bb border_type=\u00bbsimple\u00bb column_border_width=\u00bbnone\u00bb column_border_style=\u00bbsolid\u00bb][vc_column_text]\n<h1 style=\"text-align: center;\">Oferta acad\u00e9mica<\/h1>\n[\/vc_column_text][\/vc_column][\/vc_row][vc_row type=\u00bbfull_width_background\u00bb full_screen_row_position=\u00bbmiddle\u00bb column_margin=\u00bbdefault\u00bb column_direction=\u00bbdefault\u00bb column_direction_tablet=\u00bbdefault\u00bb column_direction_phone=\u00bbdefault\u00bb bg_color=\u00bb#f5f5f5&#8243; scene_position=\u00bbcenter\u00bb text_color=\u00bbdark\u00bb text_align=\u00bbleft\u00bb row_border_radius=\u00bbnone\u00bb row_border_radius_applies=\u00bbbg\u00bb class=\u00bbinterior-oferta-academica\u00bb overlay_strength=\u00bb0.3&#8243; gradient_direction=\u00bbleft_to_right\u00bb shape_divider_position=\u00bbbottom\u00bb bg_image_animation=\u00bbnone\u00bb shape_type=\u00bb\u00bb][vc_column column_padding=\u00bbno-extra-padding\u00bb column_padding_tablet=\u00bbinherit\u00bb column_padding_phone=\u00bbinherit\u00bb column_padding_position=\u00bball\u00bb column_element_spacing=\u00bbdefault\u00bb background_color_opacity=\u00bb1&#8243; background_hover_color_opacity=\u00bb1&#8243; column_shadow=\u00bbnone\u00bb column_border_radius=\u00bbnone\u00bb column_link_target=\u00bb_self\u00bb gradient_direction=\u00bbleft_to_right\u00bb overlay_strength=\u00bb0.3&#8243; width=\u00bb1\/1&#8243; tablet_width_inherit=\u00bbdefault\u00bb tablet_text_alignment=\u00bbdefault\u00bb phone_text_alignment=\u00bbdefault\u00bb bg_image_animation=\u00bbnone\u00bb border_type=\u00bbsimple\u00bb column_border_width=\u00bbnone\u00bb column_border_style=\u00bbsolid\u00bb][vc_column_text]\n<h3>Programas online<\/h3>\n[\/vc_column_text][vc_column_text]\n<h1 class=\"title-primary text-white\">Licenciatura en Negocios Internacionales<\/h1>\n[\/vc_column_text][vc_column_text]Modalidad no escolarizada<br \/>\nRVOE 20193092, 26 julio 2019.[\/vc_column_text][vc_row_inner column_margin=\u00bbdefault\u00bb column_direction=\u00bbdefault\u00bb column_direction_tablet=\u00bbdefault\u00bb column_direction_phone=\u00bbdefault\u00bb text_align=\u00bbleft\u00bb][vc_column_inner column_padding=\u00bbno-extra-padding\u00bb column_padding_tablet=\u00bbinherit\u00bb column_padding_phone=\u00bbinherit\u00bb column_padding_position=\u00bball\u00bb column_element_spacing=\u00bbdefault\u00bb background_color_opacity=\u00bb1&#8243; background_hover_color_opacity=\u00bb1&#8243; column_shadow=\u00bbnone\u00bb column_border_radius=\u00bbnone\u00bb column_link_target=\u00bb_self\u00bb gradient_direction=\u00bbleft_to_right\u00bb overlay_strength=\u00bb0.3&#8243; width=\u00bb8\/12&#8243; tablet_width_inherit=\u00bbdefault\u00bb bg_image_animation=\u00bbnone\u00bb border_type=\u00bbsimple\u00bb column_border_width=\u00bbnone\u00bb column_border_style=\u00bbsolid\u00bb][image_with_animation image_url=\u00bb316&#8243; animation=\u00bbFade In\u00bb hover_animation=\u00bbnone\u00bb alignment=\u00bb\u00bb border_radius=\u00bbnone\u00bb box_shadow=\u00bbnone\u00bb image_loading=\u00bbdefault\u00bb max_width=\u00bb100%\u00bb max_width_mobile=\u00bbdefault\u00bb][vc_column_text]Un profesional capaz de dise\u00f1ar estrategias de negociaci\u00f3n internacional, que consideren las tendencias pol\u00edticas, econ\u00f3micas y culturales a nivel global. Implementar herramientas anal\u00edticas basadas en variables internas y externas, para lograr la consolidaci\u00f3n global de la organizaci\u00f3n. Gestionar las fases del proceso administrativo en un contexto del negocio internacional, para contribuir al logro de los prop\u00f3sitos de expansi\u00f3n de la organizaci\u00f3n con una visi\u00f3n innovadora. Asesorar con el fin de impulsar la competitividad de sus productos o servicios mostrando una actitud \u00e9tica, emprendedora y honesta.[\/vc_column_text][\/vc_column_inner][vc_column_inner column_padding=\u00bbno-extra-padding\u00bb column_padding_tablet=\u00bbinherit\u00bb column_padding_phone=\u00bbinherit\u00bb column_padding_position=\u00bball\u00bb column_element_spacing=\u00bbdefault\u00bb background_color_opacity=\u00bb1&#8243; background_hover_color_opacity=\u00bb1&#8243; column_shadow=\u00bbnone\u00bb column_border_radius=\u00bbnone\u00bb column_link_target=\u00bb_self\u00bb gradient_direction=\u00bbleft_to_right\u00bb overlay_strength=\u00bb0.3&#8243; width=\u00bb4\/12&#8243; tablet_width_inherit=\u00bbdefault\u00bb bg_image_animation=\u00bbnone\u00bb border_type=\u00bbsimple\u00bb column_border_width=\u00bbnone\u00bb column_border_style=\u00bbsolid\u00bb][vc_widget_sidebar sidebar_id=\u00bbprogramas-online\u00bb][\/vc_column_inner][\/vc_row_inner][\/vc_column][\/vc_row][vc_row type=\u00bbin_container\u00bb full_screen_row_position=\u00bbmiddle\u00bb column_margin=\u00bbdefault\u00bb column_direction=\u00bbdefault\u00bb column_direction_tablet=\u00bbdefault\u00bb column_direction_phone=\u00bbdefault\u00bb scene_position=\u00bbcenter\u00bb text_color=\u00bbdark\u00bb text_align=\u00bbleft\u00bb row_border_radius=\u00bbnone\u00bb row_border_radius_applies=\u00bbbg\u00bb class=\u00bbtabs-campos\u00bb overlay_strength=\u00bb0.3&#8243; gradient_direction=\u00bbleft_to_right\u00bb shape_divider_position=\u00bbbottom\u00bb bg_image_animation=\u00bbnone\u00bb shape_type=\u00bb\u00bb][vc_column column_padding=\u00bbno-extra-padding\u00bb column_padding_tablet=\u00bbinherit\u00bb column_padding_phone=\u00bbinherit\u00bb column_padding_position=\u00bball\u00bb column_element_spacing=\u00bbdefault\u00bb background_color_opacity=\u00bb1&#8243; background_hover_color_opacity=\u00bb1&#8243; column_shadow=\u00bbnone\u00bb column_border_radius=\u00bbnone\u00bb column_link_target=\u00bb_self\u00bb gradient_direction=\u00bbleft_to_right\u00bb overlay_strength=\u00bb0.3&#8243; width=\u00bb1\/1&#8243; tablet_width_inherit=\u00bbdefault\u00bb tablet_text_alignment=\u00bbdefault\u00bb phone_text_alignment=\u00bbdefault\u00bb bg_image_animation=\u00bbnone\u00bb border_type=\u00bbsimple\u00bb column_border_width=\u00bbnone\u00bb column_border_style=\u00bbsolid\u00bb][tabbed_section style=\u00bbdefault\u00bb alignment=\u00bbleft\u00bb spacing=\u00bbdefault\u00bb tab_color=\u00bbAccent-Color\u00bb][tab icon_family=\u00bbnone\u00bb title=\u00bbCampos de acci\u00f3n\u00bb id=\u00bb1750967891027-7&#8243; tab_id=\u00bb1750967891028-2&#8243;][vc_column_text]\n<ul>\n<li>Dise\u00f1ar estrategias de negociaci\u00f3n internacional, que consideren las tendencias pol\u00edticas, econ\u00f3micas y culturalesa nivel global.<\/li>\n<li>Implementar estrategias enfocadas a la expansi\u00f3n del negocio internacional mediante herramientas anal\u00edticas basadas en variables internas y externas, para lograr la consolidaci6n global de la organizaci\u00f3n, con visi\u00f3n, prospectiva e integral.<\/li>\n<li>Gestionar las fases del proceso administrativo en un contexto del negocio internacional.<\/li>\n<li>Asesorar en materia de negocios internacionales a las organizaciones<\/li>\n<\/ul>\n[\/vc_column_text][\/tab][tab icon_family=\u00bbnone\u00bb title=\u00bbPlan de Estudios\u00bb id=\u00bb1750967891072-10&#8243; tab_id=\u00bb1750967891073-2&#8243;][vc_column_text]\n<h3>\u00c1rea de Formaci\u00f3n B\u00e1sica Interdisciplinar<\/h3>\n<ul>\n<li>El estudio autogestor<\/li>\n<li>Gesti\u00f3n organizacional<\/li>\n<li>Normas b\u00e1sicas del proceso contable<\/li>\n<li>Matem\u00e1ticas<\/li>\n<li>El ser humano en un entorno globalizado<\/li>\n<li>Estructura de costos<\/li>\n<li>Microeconom\u00eda<\/li>\n<li>Marco legal de la empresa<\/li>\n<li>Comercio internacional<\/li>\n<li>Macroeconom\u00eda<\/li>\n<li>Gesti\u00f3n de la calidad<\/li>\n<li>\u00c9tica en el mundo<\/li>\n<li>Habilidades directivas<\/li>\n<li>Marco legal de los negocios internacionales<\/li>\n<li>Metodolog\u00eda de la investigaci\u00f3n<\/li>\n<li>Creatividad e innovaci\u00f3n empresarial<\/li>\n<li>Administraci\u00f3n estrat\u00e9gica<\/li>\n<li>Finanzas internacionales<\/li>\n<li>Gesti\u00f3n de la cadena de suministro<\/li>\n<li>Gesti\u00f3n de proyectos de exportaci\u00f3n<\/li>\n<\/ul>\n<h3>\u00c1rea de Formaci\u00f3n Profesional<\/h3>\n<ul>\n<li>Geograf\u00eda internacional<\/li>\n<li>Negociaci\u00f3n internacional<\/li>\n<li>Administraci\u00f3n de la producci\u00f3n<\/li>\n<li>Estrategias de comercializaci\u00f3n digital<\/li>\n<li>Mercadotecnia internacional<\/li>\n<li>Ingenier\u00eda de exportaci\u00f3n<\/li>\n<li>Proceso administrativo en los negocios internacionales<\/li>\n<li>Modelos de negocios internacionales<\/li>\n<li>Planes de negocios internacionales<\/li>\n<li>Legislaci\u00f3n aduanera<\/li>\n<\/ul>\n[\/vc_column_text][nectar_btn size=\u00bbsmall\u00bb open_new_tab=\u00bbtrue\u00bb button_style=\u00bbregular\u00bb button_color_2=\u00bbExtra-Color-1&#8243; icon_family=\u00bbnone\u00bb text=\u00bbDescargar plan de estudios\u00bb url=\u00bbhttps:\/\/www.univa.mx\/online\/wp-content\/uploads\/2023\/08\/LICENCIATURA-EN-NEGOCIOS-INTERNACIONALES-ONLINE.pdf\u00bb][\/tab][tab icon_family=\u00bbnone\u00bb title=\u00bbRequisitos\u00bb id=\u00bb1750967891123-10&#8243; tab_id=\u00bb1750967891124-10&#8243;][vc_column_text]\n<h3>Requisitos de ingreso<\/h3>\n<p>\u2022 Acta de nacimiento (original y dos copias).<br \/>\n\u2022 Certificado de preparatoria (original y dos copias).<br \/>\n\u2022 Copia del CURP e identificaci\u00f3n oficial.<br \/>\n\u2022 Cinco fotograf\u00edas tama\u00f1o infantil a color.<br \/>\n\u2022 Llenar los formularios correspondientes.<br \/>\n\u2022 Pago del primer m\u00f3dulo.[\/vc_column_text][\/tab][\/tabbed_section][\/vc_column][\/vc_row][vc_row type=\u00bbfull_width_background\u00bb full_screen_row_position=\u00bbmiddle\u00bb column_margin=\u00bbdefault\u00bb column_direction=\u00bbdefault\u00bb column_direction_tablet=\u00bbdefault\u00bb column_direction_phone=\u00bbdefault\u00bb scene_position=\u00bbcenter\u00bb text_color=\u00bbdark\u00bb text_align=\u00bbleft\u00bb row_border_radius=\u00bbnone\u00bb row_border_radius_applies=\u00bbbg\u00bb class=\u00bbformbitrix\u00bb overlay_strength=\u00bb0.3&#8243; gradient_direction=\u00bbleft_to_right\u00bb shape_divider_position=\u00bbbottom\u00bb bg_image_animation=\u00bbnone\u00bb shape_type=\u00bb\u00bb][vc_column column_padding=\u00bbno-extra-padding\u00bb column_padding_tablet=\u00bbinherit\u00bb column_padding_phone=\u00bbinherit\u00bb column_padding_position=\u00bball\u00bb column_element_spacing=\u00bbdefault\u00bb background_color_opacity=\u00bb1&#8243; background_hover_color_opacity=\u00bb1&#8243; column_shadow=\u00bbnone\u00bb column_border_radius=\u00bbnone\u00bb column_link_target=\u00bb_self\u00bb gradient_direction=\u00bbleft_to_right\u00bb overlay_strength=\u00bb0.3&#8243; width=\u00bb2\/3&#8243; tablet_width_inherit=\u00bbdefault\u00bb tablet_text_alignment=\u00bbdefault\u00bb phone_text_alignment=\u00bbdefault\u00bb bg_image_animation=\u00bbnone\u00bb border_type=\u00bbsimple\u00bb column_border_width=\u00bbnone\u00bb column_border_style=\u00bbsolid\u00bb][vc_raw_js]JTNDc2NyaXB0JTIwZGF0YS1iMjQtZm9ybSUzRCUyMmlubGluZSUyRjIyNyUyRnR5MHQ5cCUyMiUyMGRhdGEtc2tpcC1tb3ZpbmclM0QlMjJ0cnVlJTIyJTNFJTI4ZnVuY3Rpb24lMjh3JTJDZCUyQ3UlMjklN0J2YXIlMjBzJTNEZC5jcmVhdGVFbGVtZW50JTI4JTI3c2NyaXB0JTI3JTI5JTNCcy5hc3luYyUzRHRydWUlM0JzLnNyYyUzRHUlMkIlMjclM0YlMjclMkIlMjhEYXRlLm5vdyUyOCUyOSUyRjE4MDAwMCU3QzAlMjklM0J2YXIlMjBoJTNEZC5nZXRFbGVtZW50c0J5VGFnTmFtZSUyOCUyN3NjcmlwdCUyNyUyOSU1QjAlNUQlM0JoLnBhcmVudE5vZGUuaW5zZXJ0QmVmb3JlJTI4cyUyQ2glMjklM0IlN0QlMjklMjh3aW5kb3clMkNkb2N1bWVudCUyQyUyN2h0dHBzJTNBJTJGJTJGY2RuLmJpdHJpeDI0LmVzJTJGYjE4NjE4OTU5JTJGY3JtJTJGZm9ybSUyRmxvYWRlcl8yMjcuanMlMjclMjklM0IlM0MlMkZzY3JpcHQlM0UlMEE=[\/vc_raw_js][\/vc_column][vc_column column_padding=\u00bbno-extra-padding\u00bb column_padding_tablet=\u00bbinherit\u00bb column_padding_phone=\u00bbinherit\u00bb column_padding_position=\u00bball\u00bb column_element_spacing=\u00bbdefault\u00bb background_color_opacity=\u00bb1&#8243; background_hover_color_opacity=\u00bb1&#8243; column_shadow=\u00bbnone\u00bb column_border_radius=\u00bbnone\u00bb column_link_target=\u00bb_self\u00bb gradient_direction=\u00bbleft_to_right\u00bb overlay_strength=\u00bb0.3&#8243; width=\u00bb1\/3&#8243; tablet_width_inherit=\u00bbdefault\u00bb tablet_text_alignment=\u00bbdefault\u00bb phone_text_alignment=\u00bbdefault\u00bb bg_image_animation=\u00bbnone\u00bb border_type=\u00bbsimple\u00bb column_border_width=\u00bbnone\u00bb column_border_style=\u00bbsolid\u00bb][\/vc_column][\/vc_row]\n","protected":false},"excerpt":{"rendered":"<p>[vc_row type=\u00bbfull_width_background\u00bb full_screen_row_position=\u00bbmiddle\u00bb column_margin=\u00bbdefault\u00bb column_direction=\u00bbdefault\u00bb column_direction_tablet=\u00bbdefault\u00bb column_direction_phone=\u00bbdefault\u00bb bg_image=\u00bb150&#8243; bg_position=\u00bbleft top\u00bb background_image_loading=\u00bbdefault\u00bb bg_repeat=\u00bbno-repeat\u00bb scene_position=\u00bbcenter\u00bb text_color=\u00bblight\u00bb text_align=\u00bbleft\u00bb row_border_radius=\u00bbnone\u00bb row_border_radius_applies=\u00bbbg\u00bb class=\u00bbbanner-univa\u00bb overlay_strength=\u00bb0.3&#8243; gradient_direction=\u00bbleft_to_right\u00bb&#8230;<\/p>\n","protected":false},"author":3,"featured_media":0,"parent":48,"menu_order":0,"comment_status":"closed","ping_status":"closed","template":"","meta":{"footnotes":""},"class_list":["post-536","page","type-page","status-publish"],"yoast_head":"<!-- This site is optimized with the Yoast SEO plugin v25.4 - https:\/\/yoast.com\/wordpress\/plugins\/seo\/ -->\n<title>Licenciatura Online en Negocios Internacionales - Univa<\/title>\n<meta name=\"robots\" content=\"index, follow, max-snippet:-1, max-image-preview:large, max-video-preview:-1\" \/>\n<link rel=\"canonical\" href=\"https:\/\/www.univa.mx\/online\/oferta-academica\/licenciatura-online-en-negocios-internacionales\/\" \/>\n<meta property=\"og:locale\" content=\"es_ES\" \/>\n<meta property=\"og:type\" content=\"article\" \/>\n<meta property=\"og:title\" content=\"Licenciatura Online en Negocios Internacionales - Univa\" \/>\n<meta property=\"og:description\" content=\"[vc_row type=\u00bbfull_width_background\u00bb full_screen_row_position=\u00bbmiddle\u00bb column_margin=\u00bbdefault\u00bb column_direction=\u00bbdefault\u00bb column_direction_tablet=\u00bbdefault\u00bb column_direction_phone=\u00bbdefault\u00bb bg_image=\u00bb150&#8243; bg_position=\u00bbleft top\u00bb background_image_loading=\u00bbdefault\u00bb bg_repeat=\u00bbno-repeat\u00bb scene_position=\u00bbcenter\u00bb text_color=\u00bblight\u00bb text_align=\u00bbleft\u00bb row_border_radius=\u00bbnone\u00bb row_border_radius_applies=\u00bbbg\u00bb class=\u00bbbanner-univa\u00bb overlay_strength=\u00bb0.3&#8243; gradient_direction=\u00bbleft_to_right\u00bb...\" \/>\n<meta property=\"og:url\" content=\"https:\/\/www.univa.mx\/online\/oferta-academica\/licenciatura-online-en-negocios-internacionales\/\" \/>\n<meta property=\"og:site_name\" content=\"Univa\" \/>\n<meta property=\"article:modified_time\" content=\"2025-06-26T19:58:47+00:00\" \/>\n<meta name=\"twitter:card\" content=\"summary_large_image\" \/>\n<meta name=\"twitter:label1\" content=\"Tiempo de lectura\" \/>\n\t<meta name=\"twitter:data1\" content=\"4 minutos\" \/>\n<script type=\"application\/ld+json\" class=\"yoast-schema-graph\">{\"@context\":\"https:\/\/schema.org\",\"@graph\":[{\"@type\":\"WebPage\",\"@id\":\"https:\/\/www.univa.mx\/online\/oferta-academica\/licenciatura-online-en-negocios-internacionales\/\",\"url\":\"https:\/\/www.univa.mx\/online\/oferta-academica\/licenciatura-online-en-negocios-internacionales\/\",\"name\":\"Licenciatura Online en Negocios Internacionales - Univa\",\"isPartOf\":{\"@id\":\"https:\/\/www.univa.mx\/online\/#website\"},\"datePublished\":\"2022-10-26T17:29:03+00:00\",\"dateModified\":\"2025-06-26T19:58:47+00:00\",\"breadcrumb\":{\"@id\":\"https:\/\/www.univa.mx\/online\/oferta-academica\/licenciatura-online-en-negocios-internacionales\/#breadcrumb\"},\"inLanguage\":\"es\",\"potentialAction\":[{\"@type\":\"ReadAction\",\"target\":[\"https:\/\/www.univa.mx\/online\/oferta-academica\/licenciatura-online-en-negocios-internacionales\/\"]}]},{\"@type\":\"BreadcrumbList\",\"@id\":\"https:\/\/www.univa.mx\/online\/oferta-academica\/licenciatura-online-en-negocios-internacionales\/#breadcrumb\",\"itemListElement\":[{\"@type\":\"ListItem\",\"position\":1,\"name\":\"Portada\",\"item\":\"https:\/\/www.univa.mx\/online\/\"},{\"@type\":\"ListItem\",\"position\":2,\"name\":\"Oferta acad\u00e9mica\",\"item\":\"https:\/\/www.univa.mx\/online\/oferta-academica\/\"},{\"@type\":\"ListItem\",\"position\":3,\"name\":\"Licenciatura Online en Negocios Internacionales\"}]},{\"@type\":\"WebSite\",\"@id\":\"https:\/\/www.univa.mx\/online\/#website\",\"url\":\"https:\/\/www.univa.mx\/online\/\",\"name\":\"Univa\",\"description\":\"Estudia en Univa Online\",\"publisher\":{\"@id\":\"https:\/\/www.univa.mx\/online\/#organization\"},\"potentialAction\":[{\"@type\":\"SearchAction\",\"target\":{\"@type\":\"EntryPoint\",\"urlTemplate\":\"https:\/\/www.univa.mx\/online\/?s={search_term_string}\"},\"query-input\":{\"@type\":\"PropertyValueSpecification\",\"valueRequired\":true,\"valueName\":\"search_term_string\"}}],\"inLanguage\":\"es\"},{\"@type\":\"Organization\",\"@id\":\"https:\/\/www.univa.mx\/online\/#organization\",\"name\":\"Univa Online\",\"url\":\"https:\/\/www.univa.mx\/online\/\",\"logo\":{\"@type\":\"ImageObject\",\"inLanguage\":\"es\",\"@id\":\"https:\/\/www.univa.mx\/online\/#\/schema\/logo\/image\/\",\"url\":\"https:\/\/www.univa.mx\/online\/wp-content\/uploads\/2021\/12\/top_logo_univa.png\",\"contentUrl\":\"https:\/\/www.univa.mx\/online\/wp-content\/uploads\/2021\/12\/top_logo_univa.png\",\"width\":295,\"height\":65,\"caption\":\"Univa Online\"},\"image\":{\"@id\":\"https:\/\/www.univa.mx\/online\/#\/schema\/logo\/image\/\"}}]}<\/script>\n<!-- \/ Yoast SEO plugin. -->","yoast_head_json":{"title":"Licenciatura Online en Negocios Internacionales - Univa","robots":{"index":"index","follow":"follow","max-snippet":"max-snippet:-1","max-image-preview":"max-image-preview:large","max-video-preview":"max-video-preview:-1"},"canonical":"https:\/\/www.univa.mx\/online\/oferta-academica\/licenciatura-online-en-negocios-internacionales\/","og_locale":"es_ES","og_type":"article","og_title":"Licenciatura Online en Negocios Internacionales - Univa","og_description":"[vc_row type=\u00bbfull_width_background\u00bb full_screen_row_position=\u00bbmiddle\u00bb column_margin=\u00bbdefault\u00bb column_direction=\u00bbdefault\u00bb column_direction_tablet=\u00bbdefault\u00bb column_direction_phone=\u00bbdefault\u00bb bg_image=\u00bb150&#8243; bg_position=\u00bbleft top\u00bb background_image_loading=\u00bbdefault\u00bb bg_repeat=\u00bbno-repeat\u00bb scene_position=\u00bbcenter\u00bb text_color=\u00bblight\u00bb text_align=\u00bbleft\u00bb row_border_radius=\u00bbnone\u00bb row_border_radius_applies=\u00bbbg\u00bb class=\u00bbbanner-univa\u00bb overlay_strength=\u00bb0.3&#8243; gradient_direction=\u00bbleft_to_right\u00bb...","og_url":"https:\/\/www.univa.mx\/online\/oferta-academica\/licenciatura-online-en-negocios-internacionales\/","og_site_name":"Univa","article_modified_time":"2025-06-26T19:58:47+00:00","twitter_card":"summary_large_image","twitter_misc":{"Tiempo de lectura":"4 minutos"},"schema":{"@context":"https:\/\/schema.org","@graph":[{"@type":"WebPage","@id":"https:\/\/www.univa.mx\/online\/oferta-academica\/licenciatura-online-en-negocios-internacionales\/","url":"https:\/\/www.univa.mx\/online\/oferta-academica\/licenciatura-online-en-negocios-internacionales\/","name":"Licenciatura Online en Negocios Internacionales - Univa","isPartOf":{"@id":"https:\/\/www.univa.mx\/online\/#website"},"datePublished":"2022-10-26T17:29:03+00:00","dateModified":"2025-06-26T19:58:47+00:00","breadcrumb":{"@id":"https:\/\/www.univa.mx\/online\/oferta-academica\/licenciatura-online-en-negocios-internacionales\/#breadcrumb"},"inLanguage":"es","potentialAction":[{"@type":"ReadAction","target":["https:\/\/www.univa.mx\/online\/oferta-academica\/licenciatura-online-en-negocios-internacionales\/"]}]},{"@type":"BreadcrumbList","@id":"https:\/\/www.univa.mx\/online\/oferta-academica\/licenciatura-online-en-negocios-internacionales\/#breadcrumb","itemListElement":[{"@type":"ListItem","position":1,"name":"Portada","item":"https:\/\/www.univa.mx\/online\/"},{"@type":"ListItem","position":2,"name":"Oferta acad\u00e9mica","item":"https:\/\/www.univa.mx\/online\/oferta-academica\/"},{"@type":"ListItem","position":3,"name":"Licenciatura Online en Negocios Internacionales"}]},{"@type":"WebSite","@id":"https:\/\/www.univa.mx\/online\/#website","url":"https:\/\/www.univa.mx\/online\/","name":"Univa","description":"Estudia en Univa Online","publisher":{"@id":"https:\/\/www.univa.mx\/online\/#organization"},"potentialAction":[{"@type":"SearchAction","target":{"@type":"EntryPoint","urlTemplate":"https:\/\/www.univa.mx\/online\/?s={search_term_string}"},"query-input":{"@type":"PropertyValueSpecification","valueRequired":true,"valueName":"search_term_string"}}],"inLanguage":"es"},{"@type":"Organization","@id":"https:\/\/www.univa.mx\/online\/#organization","name":"Univa Online","url":"https:\/\/www.univa.mx\/online\/","logo":{"@type":"ImageObject","inLanguage":"es","@id":"https:\/\/www.univa.mx\/online\/#\/schema\/logo\/image\/","url":"https:\/\/www.univa.mx\/online\/wp-content\/uploads\/2021\/12\/top_logo_univa.png","contentUrl":"https:\/\/www.univa.mx\/online\/wp-content\/uploads\/2021\/12\/top_logo_univa.png","width":295,"height":65,"caption":"Univa Online"},"image":{"@id":"https:\/\/www.univa.mx\/online\/#\/schema\/logo\/image\/"}}]}},"_links":{"self":[{"href":"https:\/\/www.univa.mx\/online\/wp-json\/wp\/v2\/pages\/536","targetHints":{"allow":["GET"]}}],"collection":[{"href":"https:\/\/www.univa.mx\/online\/wp-json\/wp\/v2\/pages"}],"about":[{"href":"https:\/\/www.univa.mx\/online\/wp-json\/wp\/v2\/types\/page"}],"author":[{"embeddable":true,"href":"https:\/\/www.univa.mx\/online\/wp-json\/wp\/v2\/users\/3"}],"replies":[{"embeddable":true,"href":"https:\/\/www.univa.mx\/online\/wp-json\/wp\/v2\/comments?post=536"}],"version-history":[{"count":5,"href":"https:\/\/www.univa.mx\/online\/wp-json\/wp\/v2\/pages\/536\/revisions"}],"predecessor-version":[{"id":915,"href":"https:\/\/www.univa.mx\/online\/wp-json\/wp\/v2\/pages\/536\/revisions\/915"}],"up":[{"embeddable":true,"href":"https:\/\/www.univa.mx\/online\/wp-json\/wp\/v2\/pages\/48"}],"wp:attachment":[{"href":"https:\/\/www.univa.mx\/online\/wp-json\/wp\/v2\/media?parent=536"}],"curies":[{"name":"wp","href":"https:\/\/api.w.org\/{rel}","templated":true}]}}