{"id":305,"date":"2022-01-21T19:59:33","date_gmt":"2022-01-21T19:59:33","guid":{"rendered":"https:\/\/www.univa.mx\/online2\/?page_id=305"},"modified":"2025-06-26T19:57:49","modified_gmt":"2025-06-26T19:57:49","slug":"licenciatura-online-en-ensenanza-y-gestion-del-ingles","status":"publish","type":"page","link":"https:\/\/www.univa.mx\/online\/oferta-academica\/licenciatura-online-en-ensenanza-y-gestion-del-ingles\/","title":{"rendered":"Licenciatura Online en Ense\u00f1anza y Gesti\u00f3n del Ingl\u00e9s"},"content":{"rendered":"[vc_row type=\u00bbfull_width_background\u00bb full_screen_row_position=\u00bbmiddle\u00bb column_margin=\u00bbdefault\u00bb column_direction=\u00bbdefault\u00bb column_direction_tablet=\u00bbdefault\u00bb column_direction_phone=\u00bbdefault\u00bb bg_image=\u00bb150&#8243; bg_position=\u00bbleft top\u00bb background_image_loading=\u00bbdefault\u00bb bg_repeat=\u00bbno-repeat\u00bb scene_position=\u00bbcenter\u00bb text_color=\u00bblight\u00bb text_align=\u00bbleft\u00bb row_border_radius=\u00bbnone\u00bb row_border_radius_applies=\u00bbbg\u00bb class=\u00bbbanner-univa\u00bb overlay_strength=\u00bb0.3&#8243; gradient_direction=\u00bbleft_to_right\u00bb shape_divider_position=\u00bbbottom\u00bb bg_image_animation=\u00bbnone\u00bb shape_type=\u00bb\u00bb][vc_column column_padding=\u00bbno-extra-padding\u00bb column_padding_tablet=\u00bbinherit\u00bb column_padding_phone=\u00bbinherit\u00bb column_padding_position=\u00bball\u00bb column_element_spacing=\u00bbdefault\u00bb background_color_opacity=\u00bb1&#8243; background_hover_color_opacity=\u00bb1&#8243; column_shadow=\u00bbnone\u00bb column_border_radius=\u00bbnone\u00bb column_link_target=\u00bb_self\u00bb gradient_direction=\u00bbleft_to_right\u00bb overlay_strength=\u00bb0.3&#8243; width=\u00bb1\/1&#8243; tablet_width_inherit=\u00bbdefault\u00bb tablet_text_alignment=\u00bbdefault\u00bb phone_text_alignment=\u00bbdefault\u00bb bg_image_animation=\u00bbnone\u00bb border_type=\u00bbsimple\u00bb column_border_width=\u00bbnone\u00bb column_border_style=\u00bbsolid\u00bb][vc_column_text]\n<h1 style=\"text-align: center;\">Oferta acad\u00e9mica<\/h1>\n[\/vc_column_text][\/vc_column][\/vc_row][vc_row type=\u00bbfull_width_background\u00bb full_screen_row_position=\u00bbmiddle\u00bb column_margin=\u00bbdefault\u00bb column_direction=\u00bbdefault\u00bb column_direction_tablet=\u00bbdefault\u00bb column_direction_phone=\u00bbdefault\u00bb bg_color=\u00bb#f5f5f5&#8243; scene_position=\u00bbcenter\u00bb text_color=\u00bbdark\u00bb text_align=\u00bbleft\u00bb row_border_radius=\u00bbnone\u00bb row_border_radius_applies=\u00bbbg\u00bb class=\u00bbinterior-oferta-academica\u00bb overlay_strength=\u00bb0.3&#8243; gradient_direction=\u00bbleft_to_right\u00bb shape_divider_position=\u00bbbottom\u00bb bg_image_animation=\u00bbnone\u00bb shape_type=\u00bb\u00bb][vc_column column_padding=\u00bbno-extra-padding\u00bb column_padding_tablet=\u00bbinherit\u00bb column_padding_phone=\u00bbinherit\u00bb column_padding_position=\u00bball\u00bb column_element_spacing=\u00bbdefault\u00bb background_color_opacity=\u00bb1&#8243; background_hover_color_opacity=\u00bb1&#8243; column_shadow=\u00bbnone\u00bb column_border_radius=\u00bbnone\u00bb column_link_target=\u00bb_self\u00bb gradient_direction=\u00bbleft_to_right\u00bb overlay_strength=\u00bb0.3&#8243; width=\u00bb1\/1&#8243; tablet_width_inherit=\u00bbdefault\u00bb tablet_text_alignment=\u00bbdefault\u00bb phone_text_alignment=\u00bbdefault\u00bb bg_image_animation=\u00bbnone\u00bb border_type=\u00bbsimple\u00bb column_border_width=\u00bbnone\u00bb column_border_style=\u00bbsolid\u00bb][vc_column_text]\n<h3>Programas online<\/h3>\n[\/vc_column_text][vc_column_text]\n<h2>Licenciatura Online en Ense\u00f1anza y Gesti\u00f3n del Ingl\u00e9s<\/h2>\n[\/vc_column_text][vc_column_text]Modalidad no escolarizada<br \/>\nRVOE <strong>20081680<\/strong>, 03 septiembre 2008.[\/vc_column_text][vc_row_inner column_margin=\u00bbdefault\u00bb column_direction=\u00bbdefault\u00bb column_direction_tablet=\u00bbdefault\u00bb column_direction_phone=\u00bbdefault\u00bb text_align=\u00bbleft\u00bb][vc_column_inner column_padding=\u00bbno-extra-padding\u00bb column_padding_tablet=\u00bbinherit\u00bb column_padding_phone=\u00bbinherit\u00bb column_padding_position=\u00bball\u00bb column_element_spacing=\u00bbdefault\u00bb background_color_opacity=\u00bb1&#8243; background_hover_color_opacity=\u00bb1&#8243; column_shadow=\u00bbnone\u00bb column_border_radius=\u00bbnone\u00bb column_link_target=\u00bb_self\u00bb gradient_direction=\u00bbleft_to_right\u00bb overlay_strength=\u00bb0.3&#8243; width=\u00bb8\/12&#8243; tablet_width_inherit=\u00bbdefault\u00bb bg_image_animation=\u00bbnone\u00bb border_type=\u00bbsimple\u00bb column_border_width=\u00bbnone\u00bb column_border_style=\u00bbsolid\u00bb][image_with_animation image_url=\u00bb436&#8243; animation=\u00bbFade In\u00bb hover_animation=\u00bbnone\u00bb alignment=\u00bb\u00bb border_radius=\u00bbnone\u00bb box_shadow=\u00bbnone\u00bb image_loading=\u00bbdefault\u00bb max_width=\u00bb100%\u00bb max_width_mobile=\u00bbdefault\u00bb][vc_column_text]Un profesional de la educaci\u00f3n capacitado para el desarrollo curricular, la docencia, la administraci\u00f3n y el desarrollo de programas y centros de ense\u00f1anza de idiomas.[\/vc_column_text][\/vc_column_inner][vc_column_inner column_padding=\u00bbno-extra-padding\u00bb column_padding_tablet=\u00bbinherit\u00bb column_padding_phone=\u00bbinherit\u00bb column_padding_position=\u00bball\u00bb column_element_spacing=\u00bbdefault\u00bb background_color_opacity=\u00bb1&#8243; background_hover_color_opacity=\u00bb1&#8243; column_shadow=\u00bbnone\u00bb column_border_radius=\u00bbnone\u00bb column_link_target=\u00bb_self\u00bb gradient_direction=\u00bbleft_to_right\u00bb overlay_strength=\u00bb0.3&#8243; width=\u00bb4\/12&#8243; tablet_width_inherit=\u00bbdefault\u00bb bg_image_animation=\u00bbnone\u00bb border_type=\u00bbsimple\u00bb column_border_width=\u00bbnone\u00bb column_border_style=\u00bbsolid\u00bb][vc_widget_sidebar sidebar_id=\u00bbprogramas-online\u00bb][\/vc_column_inner][\/vc_row_inner][\/vc_column][\/vc_row][vc_row type=\u00bbin_container\u00bb full_screen_row_position=\u00bbmiddle\u00bb column_margin=\u00bbdefault\u00bb column_direction=\u00bbdefault\u00bb column_direction_tablet=\u00bbdefault\u00bb column_direction_phone=\u00bbdefault\u00bb scene_position=\u00bbcenter\u00bb text_color=\u00bbdark\u00bb text_align=\u00bbleft\u00bb row_border_radius=\u00bbnone\u00bb row_border_radius_applies=\u00bbbg\u00bb class=\u00bbtabs-campos\u00bb overlay_strength=\u00bb0.3&#8243; gradient_direction=\u00bbleft_to_right\u00bb shape_divider_position=\u00bbbottom\u00bb bg_image_animation=\u00bbnone\u00bb shape_type=\u00bb\u00bb][vc_column column_padding=\u00bbno-extra-padding\u00bb column_padding_tablet=\u00bbinherit\u00bb column_padding_phone=\u00bbinherit\u00bb column_padding_position=\u00bball\u00bb column_element_spacing=\u00bbdefault\u00bb background_color_opacity=\u00bb1&#8243; background_hover_color_opacity=\u00bb1&#8243; column_shadow=\u00bbnone\u00bb column_border_radius=\u00bbnone\u00bb column_link_target=\u00bb_self\u00bb gradient_direction=\u00bbleft_to_right\u00bb overlay_strength=\u00bb0.3&#8243; width=\u00bb1\/1&#8243; tablet_width_inherit=\u00bbdefault\u00bb tablet_text_alignment=\u00bbdefault\u00bb phone_text_alignment=\u00bbdefault\u00bb bg_image_animation=\u00bbnone\u00bb border_type=\u00bbsimple\u00bb column_border_width=\u00bbnone\u00bb column_border_style=\u00bbsolid\u00bb][tabbed_section style=\u00bbdefault\u00bb alignment=\u00bbleft\u00bb spacing=\u00bbdefault\u00bb tab_color=\u00bbAccent-Color\u00bb][tab icon_family=\u00bbnone\u00bb title=\u00bbCampos de acci\u00f3n\u00bb id=\u00bb1750967833054-8&#8243; tab_id=\u00bb1750967833054-3&#8243;][vc_column_text]\n<ul>\n<li>Gestor de la educaci\u00f3n<\/li>\n<li>Procesos administrativos y acad\u00e9micos<\/li>\n<li>Innovaci\u00f3n curricular<\/li>\n<li>Modelos pedag\u00f3gicos y teor\u00edas del aprendizaje<\/li>\n<li>Habilidades tecnol\u00f3gicas y pedag\u00f3gicas para la ense\u00f1anza del idioma ingl\u00e9s<strong><br \/>\n<\/strong><\/li>\n<\/ul>\n[\/vc_column_text][\/tab][tab icon_family=\u00bbnone\u00bb title=\u00bbPlan de Estudios\u00bb id=\u00bb1750967833093-8&#8243; tab_id=\u00bb1750967833094-1&#8243;][vc_column_text]\n<h3>Nivel B\u00e1sico<\/h3>\n<p>\u2022 El estudio autogestor<br \/>\n\u2022 Antropolog\u00eda aplicada<br \/>\n\u2022 Psicolog\u00eda del aprendizaje<br \/>\n\u2022 Modelos educativos contempor\u00e1neos<br \/>\n\u2022 Introducci\u00f3n a la lingu\u0308.stica<br \/>\n\u2022 M\u00e9todos y t\u00e9cnicas de investigaci\u00f3n en la educaci\u00f3n<br \/>\n\u2022 Principios de administraci\u00f3n<br \/>\n\u2022 M\u00e9xico y la globalizaci\u00f3n<br \/>\n\u2022 Teolog\u00eda para universitarios<br \/>\n\u2022 \u00c9tica fundamental y aplicada<br \/>\n\u2022 Planificaci\u00f3n de la ense\u00f1anza<br \/>\n\u2022 Fundamentos de metodolog\u00eda y aprendizaje de idiomas<br \/>\n\u2022 Lectura y redacci\u00f3n en ingl\u00e9s<br \/>\n\u2022 Gram\u00e1tica inglesa<br \/>\n\u2022 Introducci\u00f3n a la pr\u00e1ctica docente<\/p>\n<h3>Nivel Profesional<\/h3>\n<p>\u2022 Evaluaci\u00f3n educativa<br \/>\n\u2022 Desarrollo de recursos y medios educativos<br \/>\n\u2022 Dise\u00f1o e implantaci\u00f3n de ambientes de aprendizaje y desarrollo humano<br \/>\n\u2022 Nuevos paradigmas pedag\u00f3gicos<br \/>\n\u2022 Psicolingu\u0308.stica<br \/>\n\u2022 Pr\u00e1ctica de la ense\u00f1anza para p\u00fablicos j\u00f3venes y adultos<br \/>\n\u2022 Administraci\u00f3n educativa<br \/>\n\u2022 Administraci\u00f3n del capital humano<br \/>\n\u2022 Desarrollo curricular<br \/>\n\u2022 M\u00e9todos y t\u00e9cnicas en la ense\u00f1anza de las cuatro habilidades del lenguaje<br \/>\n\u2022 Pr\u00e1ctica de la ense\u00f1anza para p\u00fablicos espec\u00edficos y bilingu\u0308ismo<br \/>\n\u2022 Elaboraci\u00f3n y evaluaci\u00f3n de materiales did\u00e1cticos<br \/>\n\u2022 Cultura y lengua inglesa<br \/>\n\u2022 Lingu\u0308.stica aplicada<br \/>\n\u2022 Ense\u00f1anza de la gram\u00e1tica<br \/>\n\u2022 Evaluaci\u00f3n de las cuatro habilidades del lenguaje<br \/>\n\u2022 Ense\u00f1anza de habilidades lingu\u0308.sticas<br \/>\n\u2022 Literatura americana e inglesa<br \/>\n\u2022 Fon\u00e9tica y fonolog\u00eda del ingl\u00e9s<br \/>\n\u2022 Administraci\u00f3n de programas de idiomas<br \/>\n\u2022 Seminario de investigaci\u00f3n[\/vc_column_text][nectar_btn size=\u00bbsmall\u00bb open_new_tab=\u00bbtrue\u00bb button_style=\u00bbregular\u00bb button_color_2=\u00bbExtra-Color-1&#8243; icon_family=\u00bbnone\u00bb text=\u00bbDescargar plan de estudios\u00bb url=\u00bbhttps:\/\/www.univa.mx\/online\/wp-content\/uploads\/2023\/08\/LICENCIATURA-EN-ENSEN\u0303ANZA-Y-GESTIO\u0301N-DEL-INGLE\u0301S-ONLINE.pdf\u00bb][\/tab][tab icon_family=\u00bbnone\u00bb title=\u00bbRequisitos\u00bb id=\u00bb1750967833135-5&#8243; tab_id=\u00bb1750967833135-9&#8243;][vc_column_text]\n<h3>Requisitos de ingreso<\/h3>\n<p>\u2022 Acta de nacimiento (original y dos copias).<br \/>\n\u2022 Certificado de preparatoria (original y dos copias).<br \/>\n\u2022 Copia del CURP e identificaci\u00f3n oficial.<br \/>\n\u2022 Cinco fotograf\u00edas tama\u00f1o infantil a color.<br \/>\n\u2022 Llenar los formularios correspondientes.<br \/>\n\u2022 Pago del primer m\u00f3dulo.[\/vc_column_text][\/tab][\/tabbed_section][\/vc_column][\/vc_row][vc_row type=\u00bbfull_width_background\u00bb full_screen_row_position=\u00bbmiddle\u00bb column_margin=\u00bbdefault\u00bb column_direction=\u00bbdefault\u00bb column_direction_tablet=\u00bbdefault\u00bb column_direction_phone=\u00bbdefault\u00bb scene_position=\u00bbcenter\u00bb text_color=\u00bbdark\u00bb text_align=\u00bbleft\u00bb row_border_radius=\u00bbnone\u00bb row_border_radius_applies=\u00bbbg\u00bb class=\u00bbformbitrix\u00bb overlay_strength=\u00bb0.3&#8243; gradient_direction=\u00bbleft_to_right\u00bb shape_divider_position=\u00bbbottom\u00bb bg_image_animation=\u00bbnone\u00bb shape_type=\u00bb\u00bb][vc_column column_padding=\u00bbno-extra-padding\u00bb column_padding_tablet=\u00bbinherit\u00bb column_padding_phone=\u00bbinherit\u00bb column_padding_position=\u00bball\u00bb column_element_spacing=\u00bbdefault\u00bb background_color_opacity=\u00bb1&#8243; background_hover_color_opacity=\u00bb1&#8243; column_shadow=\u00bbnone\u00bb column_border_radius=\u00bbnone\u00bb column_link_target=\u00bb_self\u00bb gradient_direction=\u00bbleft_to_right\u00bb overlay_strength=\u00bb0.3&#8243; width=\u00bb2\/3&#8243; tablet_width_inherit=\u00bbdefault\u00bb tablet_text_alignment=\u00bbdefault\u00bb phone_text_alignment=\u00bbdefault\u00bb bg_image_animation=\u00bbnone\u00bb border_type=\u00bbsimple\u00bb column_border_width=\u00bbnone\u00bb column_border_style=\u00bbsolid\u00bb][vc_raw_js]JTNDc2NyaXB0JTIwZGF0YS1iMjQtZm9ybSUzRCUyMmlubGluZSUyRjIyMyUyRjlwbXhvcCUyMiUyMGRhdGEtc2tpcC1tb3ZpbmclM0QlMjJ0cnVlJTIyJTNFJTI4ZnVuY3Rpb24lMjh3JTJDZCUyQ3UlMjklN0J2YXIlMjBzJTNEZC5jcmVhdGVFbGVtZW50JTI4JTI3c2NyaXB0JTI3JTI5JTNCcy5hc3luYyUzRHRydWUlM0JzLnNyYyUzRHUlMkIlMjclM0YlMjclMkIlMjhEYXRlLm5vdyUyOCUyOSUyRjE4MDAwMCU3QzAlMjklM0J2YXIlMjBoJTNEZC5nZXRFbGVtZW50c0J5VGFnTmFtZSUyOCUyN3NjcmlwdCUyNyUyOSU1QjAlNUQlM0JoLnBhcmVudE5vZGUuaW5zZXJ0QmVmb3JlJTI4cyUyQ2glMjklM0IlN0QlMjklMjh3aW5kb3clMkNkb2N1bWVudCUyQyUyN2h0dHBzJTNBJTJGJTJGY2RuLmJpdHJpeDI0LmVzJTJGYjE4NjE4OTU5JTJGY3JtJTJGZm9ybSUyRmxvYWRlcl8yMjMuanMlMjclMjklM0IlM0MlMkZzY3JpcHQlM0UlMEE=[\/vc_raw_js][\/vc_column][vc_column column_padding=\u00bbno-extra-padding\u00bb column_padding_tablet=\u00bbinherit\u00bb column_padding_phone=\u00bbinherit\u00bb column_padding_position=\u00bball\u00bb column_element_spacing=\u00bbdefault\u00bb background_color_opacity=\u00bb1&#8243; background_hover_color_opacity=\u00bb1&#8243; column_shadow=\u00bbnone\u00bb column_border_radius=\u00bbnone\u00bb column_link_target=\u00bb_self\u00bb gradient_direction=\u00bbleft_to_right\u00bb overlay_strength=\u00bb0.3&#8243; width=\u00bb1\/3&#8243; tablet_width_inherit=\u00bbdefault\u00bb tablet_text_alignment=\u00bbdefault\u00bb phone_text_alignment=\u00bbdefault\u00bb bg_image_animation=\u00bbnone\u00bb border_type=\u00bbsimple\u00bb column_border_width=\u00bbnone\u00bb column_border_style=\u00bbsolid\u00bb][\/vc_column][\/vc_row]\n","protected":false},"excerpt":{"rendered":"<p>[vc_row type=\u00bbfull_width_background\u00bb full_screen_row_position=\u00bbmiddle\u00bb column_margin=\u00bbdefault\u00bb column_direction=\u00bbdefault\u00bb column_direction_tablet=\u00bbdefault\u00bb column_direction_phone=\u00bbdefault\u00bb bg_image=\u00bb150&#8243; bg_position=\u00bbleft top\u00bb background_image_loading=\u00bbdefault\u00bb bg_repeat=\u00bbno-repeat\u00bb scene_position=\u00bbcenter\u00bb text_color=\u00bblight\u00bb text_align=\u00bbleft\u00bb row_border_radius=\u00bbnone\u00bb row_border_radius_applies=\u00bbbg\u00bb class=\u00bbbanner-univa\u00bb overlay_strength=\u00bb0.3&#8243; gradient_direction=\u00bbleft_to_right\u00bb&#8230;<\/p>\n","protected":false},"author":1,"featured_media":0,"parent":48,"menu_order":0,"comment_status":"closed","ping_status":"closed","template":"","meta":{"footnotes":""},"class_list":["post-305","page","type-page","status-publish"],"yoast_head":"<!-- This site is optimized with the Yoast SEO plugin v25.4 - https:\/\/yoast.com\/wordpress\/plugins\/seo\/ -->\n<title>Licenciatura Online en Ense\u00f1anza y Gesti\u00f3n del Ingl\u00e9s - Univa<\/title>\n<meta name=\"robots\" content=\"index, follow, max-snippet:-1, max-image-preview:large, max-video-preview:-1\" \/>\n<link rel=\"canonical\" href=\"https:\/\/www.univa.mx\/online\/oferta-academica\/licenciatura-online-en-ensenanza-y-gestion-del-ingles\/\" \/>\n<meta property=\"og:locale\" content=\"es_ES\" \/>\n<meta property=\"og:type\" content=\"article\" \/>\n<meta property=\"og:title\" content=\"Licenciatura Online en Ense\u00f1anza y Gesti\u00f3n del Ingl\u00e9s - Univa\" \/>\n<meta property=\"og:description\" content=\"[vc_row type=\u00bbfull_width_background\u00bb full_screen_row_position=\u00bbmiddle\u00bb column_margin=\u00bbdefault\u00bb column_direction=\u00bbdefault\u00bb column_direction_tablet=\u00bbdefault\u00bb column_direction_phone=\u00bbdefault\u00bb bg_image=\u00bb150&#8243; bg_position=\u00bbleft top\u00bb background_image_loading=\u00bbdefault\u00bb bg_repeat=\u00bbno-repeat\u00bb scene_position=\u00bbcenter\u00bb text_color=\u00bblight\u00bb text_align=\u00bbleft\u00bb row_border_radius=\u00bbnone\u00bb row_border_radius_applies=\u00bbbg\u00bb class=\u00bbbanner-univa\u00bb overlay_strength=\u00bb0.3&#8243; gradient_direction=\u00bbleft_to_right\u00bb...\" \/>\n<meta property=\"og:url\" content=\"https:\/\/www.univa.mx\/online\/oferta-academica\/licenciatura-online-en-ensenanza-y-gestion-del-ingles\/\" \/>\n<meta property=\"og:site_name\" content=\"Univa\" \/>\n<meta property=\"article:modified_time\" content=\"2025-06-26T19:57:49+00:00\" \/>\n<meta name=\"twitter:card\" content=\"summary_large_image\" \/>\n<meta name=\"twitter:label1\" content=\"Tiempo de lectura\" \/>\n\t<meta name=\"twitter:data1\" content=\"4 minutos\" \/>\n<script type=\"application\/ld+json\" class=\"yoast-schema-graph\">{\"@context\":\"https:\/\/schema.org\",\"@graph\":[{\"@type\":\"WebPage\",\"@id\":\"https:\/\/www.univa.mx\/online\/oferta-academica\/licenciatura-online-en-ensenanza-y-gestion-del-ingles\/\",\"url\":\"https:\/\/www.univa.mx\/online\/oferta-academica\/licenciatura-online-en-ensenanza-y-gestion-del-ingles\/\",\"name\":\"Licenciatura Online en Ense\u00f1anza y Gesti\u00f3n del Ingl\u00e9s - Univa\",\"isPartOf\":{\"@id\":\"https:\/\/www.univa.mx\/online\/#website\"},\"datePublished\":\"2022-01-21T19:59:33+00:00\",\"dateModified\":\"2025-06-26T19:57:49+00:00\",\"breadcrumb\":{\"@id\":\"https:\/\/www.univa.mx\/online\/oferta-academica\/licenciatura-online-en-ensenanza-y-gestion-del-ingles\/#breadcrumb\"},\"inLanguage\":\"es\",\"potentialAction\":[{\"@type\":\"ReadAction\",\"target\":[\"https:\/\/www.univa.mx\/online\/oferta-academica\/licenciatura-online-en-ensenanza-y-gestion-del-ingles\/\"]}]},{\"@type\":\"BreadcrumbList\",\"@id\":\"https:\/\/www.univa.mx\/online\/oferta-academica\/licenciatura-online-en-ensenanza-y-gestion-del-ingles\/#breadcrumb\",\"itemListElement\":[{\"@type\":\"ListItem\",\"position\":1,\"name\":\"Portada\",\"item\":\"https:\/\/www.univa.mx\/online\/\"},{\"@type\":\"ListItem\",\"position\":2,\"name\":\"Oferta acad\u00e9mica\",\"item\":\"https:\/\/www.univa.mx\/online\/oferta-academica\/\"},{\"@type\":\"ListItem\",\"position\":3,\"name\":\"Licenciatura Online en Ense\u00f1anza y Gesti\u00f3n del Ingl\u00e9s\"}]},{\"@type\":\"WebSite\",\"@id\":\"https:\/\/www.univa.mx\/online\/#website\",\"url\":\"https:\/\/www.univa.mx\/online\/\",\"name\":\"Univa\",\"description\":\"Estudia en Univa Online\",\"publisher\":{\"@id\":\"https:\/\/www.univa.mx\/online\/#organization\"},\"potentialAction\":[{\"@type\":\"SearchAction\",\"target\":{\"@type\":\"EntryPoint\",\"urlTemplate\":\"https:\/\/www.univa.mx\/online\/?s={search_term_string}\"},\"query-input\":{\"@type\":\"PropertyValueSpecification\",\"valueRequired\":true,\"valueName\":\"search_term_string\"}}],\"inLanguage\":\"es\"},{\"@type\":\"Organization\",\"@id\":\"https:\/\/www.univa.mx\/online\/#organization\",\"name\":\"Univa Online\",\"url\":\"https:\/\/www.univa.mx\/online\/\",\"logo\":{\"@type\":\"ImageObject\",\"inLanguage\":\"es\",\"@id\":\"https:\/\/www.univa.mx\/online\/#\/schema\/logo\/image\/\",\"url\":\"https:\/\/www.univa.mx\/online\/wp-content\/uploads\/2021\/12\/top_logo_univa.png\",\"contentUrl\":\"https:\/\/www.univa.mx\/online\/wp-content\/uploads\/2021\/12\/top_logo_univa.png\",\"width\":295,\"height\":65,\"caption\":\"Univa Online\"},\"image\":{\"@id\":\"https:\/\/www.univa.mx\/online\/#\/schema\/logo\/image\/\"}}]}<\/script>\n<!-- \/ Yoast SEO plugin. -->","yoast_head_json":{"title":"Licenciatura Online en Ense\u00f1anza y Gesti\u00f3n del Ingl\u00e9s - Univa","robots":{"index":"index","follow":"follow","max-snippet":"max-snippet:-1","max-image-preview":"max-image-preview:large","max-video-preview":"max-video-preview:-1"},"canonical":"https:\/\/www.univa.mx\/online\/oferta-academica\/licenciatura-online-en-ensenanza-y-gestion-del-ingles\/","og_locale":"es_ES","og_type":"article","og_title":"Licenciatura Online en Ense\u00f1anza y Gesti\u00f3n del Ingl\u00e9s - Univa","og_description":"[vc_row type=\u00bbfull_width_background\u00bb full_screen_row_position=\u00bbmiddle\u00bb column_margin=\u00bbdefault\u00bb column_direction=\u00bbdefault\u00bb column_direction_tablet=\u00bbdefault\u00bb column_direction_phone=\u00bbdefault\u00bb bg_image=\u00bb150&#8243; bg_position=\u00bbleft top\u00bb background_image_loading=\u00bbdefault\u00bb bg_repeat=\u00bbno-repeat\u00bb scene_position=\u00bbcenter\u00bb text_color=\u00bblight\u00bb text_align=\u00bbleft\u00bb row_border_radius=\u00bbnone\u00bb row_border_radius_applies=\u00bbbg\u00bb class=\u00bbbanner-univa\u00bb overlay_strength=\u00bb0.3&#8243; gradient_direction=\u00bbleft_to_right\u00bb...","og_url":"https:\/\/www.univa.mx\/online\/oferta-academica\/licenciatura-online-en-ensenanza-y-gestion-del-ingles\/","og_site_name":"Univa","article_modified_time":"2025-06-26T19:57:49+00:00","twitter_card":"summary_large_image","twitter_misc":{"Tiempo de lectura":"4 minutos"},"schema":{"@context":"https:\/\/schema.org","@graph":[{"@type":"WebPage","@id":"https:\/\/www.univa.mx\/online\/oferta-academica\/licenciatura-online-en-ensenanza-y-gestion-del-ingles\/","url":"https:\/\/www.univa.mx\/online\/oferta-academica\/licenciatura-online-en-ensenanza-y-gestion-del-ingles\/","name":"Licenciatura Online en Ense\u00f1anza y Gesti\u00f3n del Ingl\u00e9s - Univa","isPartOf":{"@id":"https:\/\/www.univa.mx\/online\/#website"},"datePublished":"2022-01-21T19:59:33+00:00","dateModified":"2025-06-26T19:57:49+00:00","breadcrumb":{"@id":"https:\/\/www.univa.mx\/online\/oferta-academica\/licenciatura-online-en-ensenanza-y-gestion-del-ingles\/#breadcrumb"},"inLanguage":"es","potentialAction":[{"@type":"ReadAction","target":["https:\/\/www.univa.mx\/online\/oferta-academica\/licenciatura-online-en-ensenanza-y-gestion-del-ingles\/"]}]},{"@type":"BreadcrumbList","@id":"https:\/\/www.univa.mx\/online\/oferta-academica\/licenciatura-online-en-ensenanza-y-gestion-del-ingles\/#breadcrumb","itemListElement":[{"@type":"ListItem","position":1,"name":"Portada","item":"https:\/\/www.univa.mx\/online\/"},{"@type":"ListItem","position":2,"name":"Oferta acad\u00e9mica","item":"https:\/\/www.univa.mx\/online\/oferta-academica\/"},{"@type":"ListItem","position":3,"name":"Licenciatura Online en Ense\u00f1anza y Gesti\u00f3n del Ingl\u00e9s"}]},{"@type":"WebSite","@id":"https:\/\/www.univa.mx\/online\/#website","url":"https:\/\/www.univa.mx\/online\/","name":"Univa","description":"Estudia en Univa Online","publisher":{"@id":"https:\/\/www.univa.mx\/online\/#organization"},"potentialAction":[{"@type":"SearchAction","target":{"@type":"EntryPoint","urlTemplate":"https:\/\/www.univa.mx\/online\/?s={search_term_string}"},"query-input":{"@type":"PropertyValueSpecification","valueRequired":true,"valueName":"search_term_string"}}],"inLanguage":"es"},{"@type":"Organization","@id":"https:\/\/www.univa.mx\/online\/#organization","name":"Univa Online","url":"https:\/\/www.univa.mx\/online\/","logo":{"@type":"ImageObject","inLanguage":"es","@id":"https:\/\/www.univa.mx\/online\/#\/schema\/logo\/image\/","url":"https:\/\/www.univa.mx\/online\/wp-content\/uploads\/2021\/12\/top_logo_univa.png","contentUrl":"https:\/\/www.univa.mx\/online\/wp-content\/uploads\/2021\/12\/top_logo_univa.png","width":295,"height":65,"caption":"Univa Online"},"image":{"@id":"https:\/\/www.univa.mx\/online\/#\/schema\/logo\/image\/"}}]}},"_links":{"self":[{"href":"https:\/\/www.univa.mx\/online\/wp-json\/wp\/v2\/pages\/305","targetHints":{"allow":["GET"]}}],"collection":[{"href":"https:\/\/www.univa.mx\/online\/wp-json\/wp\/v2\/pages"}],"about":[{"href":"https:\/\/www.univa.mx\/online\/wp-json\/wp\/v2\/types\/page"}],"author":[{"embeddable":true,"href":"https:\/\/www.univa.mx\/online\/wp-json\/wp\/v2\/users\/1"}],"replies":[{"embeddable":true,"href":"https:\/\/www.univa.mx\/online\/wp-json\/wp\/v2\/comments?post=305"}],"version-history":[{"count":11,"href":"https:\/\/www.univa.mx\/online\/wp-json\/wp\/v2\/pages\/305\/revisions"}],"predecessor-version":[{"id":914,"href":"https:\/\/www.univa.mx\/online\/wp-json\/wp\/v2\/pages\/305\/revisions\/914"}],"up":[{"embeddable":true,"href":"https:\/\/www.univa.mx\/online\/wp-json\/wp\/v2\/pages\/48"}],"wp:attachment":[{"href":"https:\/\/www.univa.mx\/online\/wp-json\/wp\/v2\/media?parent=305"}],"curies":[{"name":"wp","href":"https:\/\/api.w.org\/{rel}","templated":true}]}}