{"id":1025,"date":"2025-07-23T17:11:03","date_gmt":"2025-07-23T17:11:03","guid":{"rendered":"https:\/\/www.univa.mx\/online\/?page_id=1025"},"modified":"2025-09-10T21:11:19","modified_gmt":"2025-09-10T21:11:19","slug":"presea-ocelote-2025","status":"publish","type":"page","link":"https:\/\/www.univa.mx\/online\/presea-ocelote-2025\/","title":{"rendered":"Presea OCELOTE 2025"},"content":{"rendered":"[vc_row type=\u00bbfull_width_content\u00bb full_screen_row_position=\u00bbmiddle\u00bb column_margin=\u00bbdefault\u00bb equal_height=\u00bbyes\u00bb content_placement=\u00bbmiddle\u00bb column_direction=\u00bbdefault\u00bb column_direction_tablet=\u00bbdefault\u00bb column_direction_phone=\u00bbdefault\u00bb scene_position=\u00bbcenter\u00bb text_color=\u00bbdark\u00bb text_align=\u00bbleft\u00bb row_border_radius=\u00bbnone\u00bb row_border_radius_applies=\u00bbbg\u00bb class=\u00bbbanner-top-caucorp\u00bb overlay_strength=\u00bb0.3&#8243; gradient_direction=\u00bbleft_to_right\u00bb shape_divider_position=\u00bbbottom\u00bb bg_image_animation=\u00bbnone\u00bb overflow=\u00bbvisible\u00bb advanced_gradient_angle=\u00bb0&#8243; shape_type=\u00bb\u00bb gradient_type=\u00bbdefault\u00bb][vc_column column_padding=\u00bbno-extra-padding\u00bb column_padding_tablet=\u00bbinherit\u00bb column_padding_phone=\u00bbinherit\u00bb column_padding_position=\u00bball\u00bb column_element_spacing=\u00bbdefault\u00bb background_color_opacity=\u00bb1&#8243; background_hover_color_opacity=\u00bb1&#8243; column_shadow=\u00bbnone\u00bb column_border_radius=\u00bbnone\u00bb column_link_target=\u00bb_self\u00bb gradient_direction=\u00bbleft_to_right\u00bb overlay_strength=\u00bb0.3&#8243; width=\u00bb1\/1&#8243; tablet_width_inherit=\u00bbdefault\u00bb tablet_text_alignment=\u00bbdefault\u00bb phone_text_alignment=\u00bbdefault\u00bb bg_image_animation=\u00bbnone\u00bb border_type=\u00bbsimple\u00bb column_border_width=\u00bbnone\u00bb column_border_style=\u00bbsolid\u00bb column_element_direction_desktop=\u00bbdefault\u00bb desktop_text_alignment=\u00bbdefault\u00bb column_backdrop_filter=\u00bbnone\u00bb column_position=\u00bbdefault\u00bb advanced_gradient_angle=\u00bb0&#8243; animation_type=\u00bbdefault\u00bb gradient_type=\u00bbdefault\u00bb][image_with_animation image_url=\u00bb1026&#8243; animation=\u00bbFade In\u00bb hover_animation=\u00bbnone\u00bb alignment=\u00bbcenter\u00bb border_radius=\u00bbnone\u00bb box_shadow=\u00bbnone\u00bb image_loading=\u00bbdefault\u00bb max_width=\u00bb100%\u00bb max_width_mobile=\u00bbdefault\u00bb image_size=\u00bbfull\u00bb animation_type=\u00bbentrance\u00bb animation_easing=\u00bbdefault\u00bb animation_movement_type=\u00bbtransform_y\u00bb][\/vc_column][\/vc_row][vc_row type=\u00bbin_container\u00bb full_screen_row_position=\u00bbmiddle\u00bb column_margin=\u00bbdefault\u00bb column_direction=\u00bbdefault\u00bb column_direction_tablet=\u00bbdefault\u00bb column_direction_phone=\u00bbdefault\u00bb scene_position=\u00bbcenter\u00bb text_color=\u00bbdark\u00bb text_align=\u00bbleft\u00bb row_border_radius=\u00bbnone\u00bb row_border_radius_applies=\u00bbbg\u00bb class=\u00bbpadding_top_50&#8243; overlay_strength=\u00bb0.3&#8243; gradient_direction=\u00bbleft_to_right\u00bb shape_divider_position=\u00bbbottom\u00bb bg_image_animation=\u00bbnone\u00bb overflow=\u00bbvisible\u00bb shape_type=\u00bb\u00bb][vc_column column_padding=\u00bbno-extra-padding\u00bb column_padding_tablet=\u00bbinherit\u00bb column_padding_phone=\u00bbinherit\u00bb column_padding_position=\u00bball\u00bb column_element_spacing=\u00bbdefault\u00bb background_color_opacity=\u00bb1&#8243; background_hover_color_opacity=\u00bb1&#8243; column_shadow=\u00bbnone\u00bb column_border_radius=\u00bbnone\u00bb column_link_target=\u00bb_self\u00bb gradient_direction=\u00bbleft_to_right\u00bb overlay_strength=\u00bb0.3&#8243; width=\u00bb1\/1&#8243; tablet_width_inherit=\u00bbdefault\u00bb tablet_text_alignment=\u00bbdefault\u00bb phone_text_alignment=\u00bbdefault\u00bb bg_image_animation=\u00bbnone\u00bb border_type=\u00bbsimple\u00bb column_border_width=\u00bbnone\u00bb column_border_style=\u00bbsolid\u00bb column_element_direction_desktop=\u00bbdefault\u00bb desktop_text_alignment=\u00bbdefault\u00bb column_backdrop_filter=\u00bbnone\u00bb column_position=\u00bbdefault\u00bb animation_type=\u00bbdefault\u00bb][divider line_type=\u00bbNo Line\u00bb custom_height=\u00bb20&#8243;][divider line_type=\u00bbNo Line\u00bb custom_height=\u00bb20&#8243;][vc_column_text text_direction=\u00bbdefault\u00bb]\n<h2 class=\"titulos-azules\" style=\"text-align: center;\"><b>\u00a0<\/b><strong>LA UNIVERSIDAD DEL VALLE DE ATEMAJAC, CAMPUS ONLINE<br \/>\nCON EL PROP\u00d3SITO DE RECONOCER LA TRAYECTORIA DE SUS EGRESADOS, CONVOCA A LA COMUNIDAD A PROPONER CANDIDATOS QUE PUEDAN SER ACREEDORES A LA PRESEA OCELOTE 2025<\/strong><\/h2>\n[\/vc_column_text][divider line_type=\u00bbNo Line\u00bb custom_height=\u00bb20&#8243;][divider line_type=\u00bbNo Line\u00bb custom_height=\u00bb20&#8243;][vc_column_text text_direction=\u00bbdefault\u00bb]\n<p style=\"text-align: left;\">La Presea Ocelote reconoce el impacto de la trayectoria profesional y humana de los Alumni de cada uno de los campus del Sistema UNIVA. Este reconocimiento se otorga a egresados que se han distinguido por su trabajo y compromiso con la sociedad, reflejando los valores UNIVA en su dimensi\u00f3n profesional, disciplinar y humanista, a trav\u00e9s del ejercicio \u00e9tico de su profesi\u00f3n, el desarrollo de empresas propias o la labor altruista en beneficio de sectores vulnerables de la sociedad.<\/p>\n<p style=\"text-align: left;\">Podr\u00e1 ser postulado todo egresado de la UNIVA campus Online de cualquier licenciatura o del doctorado en ciencias del desarrollo humano, incluyendo a los egresados de UNADIS, que desempe\u00f1e su profesi\u00f3n con excelencia, perseverancia, solidaridad, lealtad, justicia, honestidad y respeto.<\/p>\n<p style=\"text-align: left;\">Los candidatos deber\u00e1n contar con al menos cinco a\u00f1os de haber egresado del programa acad\u00e9mico por el cual ser\u00e1n postulados y deber\u00e1n estar titulados al momento de la propuesta.<br \/>\nLa postulaci\u00f3n podr\u00e1 ser realizada por cualquier persona, organizaci\u00f3n social o empresarial, mediante un documento de una a dos cuartillas que describa los m\u00e9ritos por los cuales se considera que el Alumni es digno merecedor de la Presea Ocelote. No se aceptar\u00e1n autopostulaciones.<\/p>\n<p><span data-contrast=\"auto\">Ser\u00e1 necesario llenar una ficha de registro en el siguiente enlace: <\/span><a style=\"color: black; text-decoration: none;\" href=\"https:\/\/forms.office.com\/r\/wRpNbHeWKk\"><span data-contrast=\"none\">https:\/\/forms.office.com\/r\/wRpNbHeWKk<\/span><\/a><span data-contrast=\"auto\"> Una vez que el \u00e1rea de Alumni del campus Online valide los datos proporcionados, se enviar\u00e1 la confirmaci\u00f3n del registro al correo electr\u00f3nico del postulante.<\/span><\/p>\n<p>Tras recibir la confirmaci\u00f3n, el postulante o el candidato deber\u00e1 enviar al correo <strong>vinculacion.online@univa.mx<\/strong>: el curr\u00edculum vitae del postulado, respaldado con evidencias que acrediten su trayectoria y aportaciones relevantes (t\u00edtulo, diplomas, constancias, reconocimientos, publicaciones, libros, reportes de investigaci\u00f3n, entre otros), as\u00ed como de 3 a 5 fotograf\u00edas actuales en alta definici\u00f3n, preferentemente en su entorno profesional o laboral.<\/p>\n<p>El periodo de recepci\u00f3n de evidencias ser\u00e1 del 12 al 15 de septiembre de 2025. Los egresados registrados que no entreguen su documentaci\u00f3n en las fechas indicadas quedar\u00e1n fuera del proceso de selecci\u00f3n.<\/p>\n<p>El jurado estar\u00e1 conformado por representantes del Sistema UNIVA, del campus correspondiente y de organismos empresariales, eclesiales, gubernamentales y de la sociedad civil.<\/p>\n<p>El fallo del jurado ser\u00e1 inapelable y, en su caso, podr\u00e1 declararse desierta la entrega del reconocimiento si se considera que ning\u00fan candidato cumple con los requisitos establecidos.<\/p>\n<p>El campus Online dar\u00e1 a conocer los resultados de forma p\u00fablica y notificar\u00e1 personalmente al Alumni ganador.<br \/>\nSe entregar\u00e1 una Presea por campus Online. No ser\u00e1 obligatoria su entrega si ning\u00fan candidato cumple con los criterios establecidos.<\/p>\n<p>Cualquier situaci\u00f3n no contemplada en esta convocatoria ser\u00e1 resuelta por el comit\u00e9 organizador.<\/p>\n<p>La ceremonia de entrega de la Presea Ocelote se llevar\u00e1 a cabo, el martes 21 de octubre de 2025 a las 19:00 hrs.<\/p>\n<p>El Alumni UNIVA que resulte ganador deber\u00e1 estar presente de manera f\u00edsica o virtual en la ceremonia. Si el egresado ganador se encuentra residiendo en otro estado o pa\u00eds, podr\u00e1 designar a un representante para recibir la Presea Ocelote, notificando anticipadamente al \u00e1rea de Alumni del Campus Online.<\/p>\n<p>M\u00e1s informaci\u00f3n:<br \/>\nTel. (33) 31340800, ext. 1879; <strong>vinculacion.online@univa.mx<\/strong><\/p>\n<p style=\"text-align: center;\"><strong>EL COMIT\u00c9 ORGANIZADOR DEL SISTEMA UNIVA<\/strong><\/p>\n[\/vc_column_text][divider line_type=\u00bbNo Line\u00bb][divider line_type=\u00bbNo Line\u00bb][\/vc_column][\/vc_row]\n","protected":false},"excerpt":{"rendered":"<p>[vc_row type=\u00bbfull_width_content\u00bb full_screen_row_position=\u00bbmiddle\u00bb column_margin=\u00bbdefault\u00bb equal_height=\u00bbyes\u00bb content_placement=\u00bbmiddle\u00bb column_direction=\u00bbdefault\u00bb column_direction_tablet=\u00bbdefault\u00bb column_direction_phone=\u00bbdefault\u00bb scene_position=\u00bbcenter\u00bb text_color=\u00bbdark\u00bb text_align=\u00bbleft\u00bb row_border_radius=\u00bbnone\u00bb row_border_radius_applies=\u00bbbg\u00bb class=\u00bbbanner-top-caucorp\u00bb overlay_strength=\u00bb0.3&#8243; gradient_direction=\u00bbleft_to_right\u00bb shape_divider_position=\u00bbbottom\u00bb bg_image_animation=\u00bbnone\u00bb overflow=\u00bbvisible\u00bb&#8230;<\/p>\n","protected":false},"author":1,"featured_media":0,"parent":0,"menu_order":0,"comment_status":"closed","ping_status":"closed","template":"","meta":{"footnotes":""},"class_list":["post-1025","page","type-page","status-publish"],"yoast_head":"<!-- This site is optimized with the Yoast SEO plugin v25.4 - https:\/\/yoast.com\/wordpress\/plugins\/seo\/ -->\n<title>Presea OCELOTE 2025 - Univa<\/title>\n<meta name=\"robots\" content=\"index, follow, max-snippet:-1, max-image-preview:large, max-video-preview:-1\" \/>\n<link rel=\"canonical\" href=\"https:\/\/www.univa.mx\/online\/presea-ocelote-2025\/\" \/>\n<meta property=\"og:locale\" content=\"es_ES\" \/>\n<meta property=\"og:type\" content=\"article\" \/>\n<meta property=\"og:title\" content=\"Presea OCELOTE 2025 - Univa\" \/>\n<meta property=\"og:description\" content=\"[vc_row type=\u00bbfull_width_content\u00bb full_screen_row_position=\u00bbmiddle\u00bb column_margin=\u00bbdefault\u00bb equal_height=\u00bbyes\u00bb content_placement=\u00bbmiddle\u00bb column_direction=\u00bbdefault\u00bb column_direction_tablet=\u00bbdefault\u00bb column_direction_phone=\u00bbdefault\u00bb scene_position=\u00bbcenter\u00bb text_color=\u00bbdark\u00bb text_align=\u00bbleft\u00bb row_border_radius=\u00bbnone\u00bb row_border_radius_applies=\u00bbbg\u00bb class=\u00bbbanner-top-caucorp\u00bb overlay_strength=\u00bb0.3&#8243; gradient_direction=\u00bbleft_to_right\u00bb shape_divider_position=\u00bbbottom\u00bb bg_image_animation=\u00bbnone\u00bb overflow=\u00bbvisible\u00bb...\" \/>\n<meta property=\"og:url\" content=\"https:\/\/www.univa.mx\/online\/presea-ocelote-2025\/\" \/>\n<meta property=\"og:site_name\" content=\"Univa\" \/>\n<meta property=\"article:modified_time\" content=\"2025-09-10T21:11:19+00:00\" \/>\n<meta name=\"twitter:card\" content=\"summary_large_image\" \/>\n<meta name=\"twitter:label1\" content=\"Tiempo de lectura\" \/>\n\t<meta name=\"twitter:data1\" content=\"4 minutos\" \/>\n<script type=\"application\/ld+json\" class=\"yoast-schema-graph\">{\"@context\":\"https:\/\/schema.org\",\"@graph\":[{\"@type\":\"WebPage\",\"@id\":\"https:\/\/www.univa.mx\/online\/presea-ocelote-2025\/\",\"url\":\"https:\/\/www.univa.mx\/online\/presea-ocelote-2025\/\",\"name\":\"Presea OCELOTE 2025 - Univa\",\"isPartOf\":{\"@id\":\"https:\/\/www.univa.mx\/online\/#website\"},\"datePublished\":\"2025-07-23T17:11:03+00:00\",\"dateModified\":\"2025-09-10T21:11:19+00:00\",\"breadcrumb\":{\"@id\":\"https:\/\/www.univa.mx\/online\/presea-ocelote-2025\/#breadcrumb\"},\"inLanguage\":\"es\",\"potentialAction\":[{\"@type\":\"ReadAction\",\"target\":[\"https:\/\/www.univa.mx\/online\/presea-ocelote-2025\/\"]}]},{\"@type\":\"BreadcrumbList\",\"@id\":\"https:\/\/www.univa.mx\/online\/presea-ocelote-2025\/#breadcrumb\",\"itemListElement\":[{\"@type\":\"ListItem\",\"position\":1,\"name\":\"Portada\",\"item\":\"https:\/\/www.univa.mx\/online\/\"},{\"@type\":\"ListItem\",\"position\":2,\"name\":\"Presea OCELOTE 2025\"}]},{\"@type\":\"WebSite\",\"@id\":\"https:\/\/www.univa.mx\/online\/#website\",\"url\":\"https:\/\/www.univa.mx\/online\/\",\"name\":\"Univa\",\"description\":\"Estudia en Univa Online\",\"publisher\":{\"@id\":\"https:\/\/www.univa.mx\/online\/#organization\"},\"potentialAction\":[{\"@type\":\"SearchAction\",\"target\":{\"@type\":\"EntryPoint\",\"urlTemplate\":\"https:\/\/www.univa.mx\/online\/?s={search_term_string}\"},\"query-input\":{\"@type\":\"PropertyValueSpecification\",\"valueRequired\":true,\"valueName\":\"search_term_string\"}}],\"inLanguage\":\"es\"},{\"@type\":\"Organization\",\"@id\":\"https:\/\/www.univa.mx\/online\/#organization\",\"name\":\"Univa Online\",\"url\":\"https:\/\/www.univa.mx\/online\/\",\"logo\":{\"@type\":\"ImageObject\",\"inLanguage\":\"es\",\"@id\":\"https:\/\/www.univa.mx\/online\/#\/schema\/logo\/image\/\",\"url\":\"https:\/\/www.univa.mx\/online\/wp-content\/uploads\/2021\/12\/top_logo_univa.png\",\"contentUrl\":\"https:\/\/www.univa.mx\/online\/wp-content\/uploads\/2021\/12\/top_logo_univa.png\",\"width\":295,\"height\":65,\"caption\":\"Univa Online\"},\"image\":{\"@id\":\"https:\/\/www.univa.mx\/online\/#\/schema\/logo\/image\/\"}}]}<\/script>\n<!-- \/ Yoast SEO plugin. -->","yoast_head_json":{"title":"Presea OCELOTE 2025 - Univa","robots":{"index":"index","follow":"follow","max-snippet":"max-snippet:-1","max-image-preview":"max-image-preview:large","max-video-preview":"max-video-preview:-1"},"canonical":"https:\/\/www.univa.mx\/online\/presea-ocelote-2025\/","og_locale":"es_ES","og_type":"article","og_title":"Presea OCELOTE 2025 - Univa","og_description":"[vc_row type=\u00bbfull_width_content\u00bb full_screen_row_position=\u00bbmiddle\u00bb column_margin=\u00bbdefault\u00bb equal_height=\u00bbyes\u00bb content_placement=\u00bbmiddle\u00bb column_direction=\u00bbdefault\u00bb column_direction_tablet=\u00bbdefault\u00bb column_direction_phone=\u00bbdefault\u00bb scene_position=\u00bbcenter\u00bb text_color=\u00bbdark\u00bb text_align=\u00bbleft\u00bb row_border_radius=\u00bbnone\u00bb row_border_radius_applies=\u00bbbg\u00bb class=\u00bbbanner-top-caucorp\u00bb overlay_strength=\u00bb0.3&#8243; gradient_direction=\u00bbleft_to_right\u00bb shape_divider_position=\u00bbbottom\u00bb bg_image_animation=\u00bbnone\u00bb overflow=\u00bbvisible\u00bb...","og_url":"https:\/\/www.univa.mx\/online\/presea-ocelote-2025\/","og_site_name":"Univa","article_modified_time":"2025-09-10T21:11:19+00:00","twitter_card":"summary_large_image","twitter_misc":{"Tiempo de lectura":"4 minutos"},"schema":{"@context":"https:\/\/schema.org","@graph":[{"@type":"WebPage","@id":"https:\/\/www.univa.mx\/online\/presea-ocelote-2025\/","url":"https:\/\/www.univa.mx\/online\/presea-ocelote-2025\/","name":"Presea OCELOTE 2025 - Univa","isPartOf":{"@id":"https:\/\/www.univa.mx\/online\/#website"},"datePublished":"2025-07-23T17:11:03+00:00","dateModified":"2025-09-10T21:11:19+00:00","breadcrumb":{"@id":"https:\/\/www.univa.mx\/online\/presea-ocelote-2025\/#breadcrumb"},"inLanguage":"es","potentialAction":[{"@type":"ReadAction","target":["https:\/\/www.univa.mx\/online\/presea-ocelote-2025\/"]}]},{"@type":"BreadcrumbList","@id":"https:\/\/www.univa.mx\/online\/presea-ocelote-2025\/#breadcrumb","itemListElement":[{"@type":"ListItem","position":1,"name":"Portada","item":"https:\/\/www.univa.mx\/online\/"},{"@type":"ListItem","position":2,"name":"Presea OCELOTE 2025"}]},{"@type":"WebSite","@id":"https:\/\/www.univa.mx\/online\/#website","url":"https:\/\/www.univa.mx\/online\/","name":"Univa","description":"Estudia en Univa Online","publisher":{"@id":"https:\/\/www.univa.mx\/online\/#organization"},"potentialAction":[{"@type":"SearchAction","target":{"@type":"EntryPoint","urlTemplate":"https:\/\/www.univa.mx\/online\/?s={search_term_string}"},"query-input":{"@type":"PropertyValueSpecification","valueRequired":true,"valueName":"search_term_string"}}],"inLanguage":"es"},{"@type":"Organization","@id":"https:\/\/www.univa.mx\/online\/#organization","name":"Univa Online","url":"https:\/\/www.univa.mx\/online\/","logo":{"@type":"ImageObject","inLanguage":"es","@id":"https:\/\/www.univa.mx\/online\/#\/schema\/logo\/image\/","url":"https:\/\/www.univa.mx\/online\/wp-content\/uploads\/2021\/12\/top_logo_univa.png","contentUrl":"https:\/\/www.univa.mx\/online\/wp-content\/uploads\/2021\/12\/top_logo_univa.png","width":295,"height":65,"caption":"Univa Online"},"image":{"@id":"https:\/\/www.univa.mx\/online\/#\/schema\/logo\/image\/"}}]}},"_links":{"self":[{"href":"https:\/\/www.univa.mx\/online\/wp-json\/wp\/v2\/pages\/1025","targetHints":{"allow":["GET"]}}],"collection":[{"href":"https:\/\/www.univa.mx\/online\/wp-json\/wp\/v2\/pages"}],"about":[{"href":"https:\/\/www.univa.mx\/online\/wp-json\/wp\/v2\/types\/page"}],"author":[{"embeddable":true,"href":"https:\/\/www.univa.mx\/online\/wp-json\/wp\/v2\/users\/1"}],"replies":[{"embeddable":true,"href":"https:\/\/www.univa.mx\/online\/wp-json\/wp\/v2\/comments?post=1025"}],"version-history":[{"count":9,"href":"https:\/\/www.univa.mx\/online\/wp-json\/wp\/v2\/pages\/1025\/revisions"}],"predecessor-version":[{"id":1041,"href":"https:\/\/www.univa.mx\/online\/wp-json\/wp\/v2\/pages\/1025\/revisions\/1041"}],"wp:attachment":[{"href":"https:\/\/www.univa.mx\/online\/wp-json\/wp\/v2\/media?parent=1025"}],"curies":[{"name":"wp","href":"https:\/\/api.w.org\/{rel}","templated":true}]}}